{"id":773037,"date":"2017-03-13T09:48:18","date_gmt":"2017-03-13T08:48:18","guid":{"rendered":"http:\/\/www.hotscreen.se\/tuki\/ukk\/"},"modified":"2019-09-12T10:45:47","modified_gmt":"2019-09-12T08:45:47","slug":"ukk","status":"publish","type":"page","link":"https:\/\/old.hotscreen.se\/fi\/tuki\/ukk\/","title":{"rendered":"UKK"},"content":{"rendered":"<h1>Onko sinulla kysymys, johon haluaisit saada vastauksen?<\/h1>\n<p>Kuumasiirtoon ja tilauksen tekemiseen liittyy monia kysymyksi\u00e4. T\u00e4nne olemme koonneet yleisimpi\u00e4 kysymyksi\u00e4 ja vastauksia.<\/p>\n<p>Etsi kysymyksesi avainsanoilla tai tarkastele luetteloa ja napsautamielt\u00e4si askarruttavaa kysymyst\u00e4, niin saat vastauksen n\u00e4kyviin.<\/p>\n<p>Voit siirty\u00e4 helposti hakuasi vastaaviin kysymyksiin tai etsi\u00e4 jotain muuta miettim\u00e4\u00e4si aihetta.<\/p>\n<p>Jos sinulla on kysymys, johon ei t\u00e4\u00e4lt\u00e4 l\u00f6ydy vastausta, \u00e4l\u00e4 ep\u00e4r\u00f6i ottaa yhteytt\u00e4. Vastaamme mielell\u00e4mme kaikkiin mahdollisiin kysymyksiisi.<\/p>\n<p>Helpoin tapa tavoittaa meid\u00e4t on tehd\u00e4 se s\u00e4hk\u00f6postitse tai puhelimitse. Kaikki yhteystiedot l\u00f6ytyv\u00e4t sivulta &#8221;Ota meihin yhteytt\u00e4&#8221;.<\/p>\n","protected":false},"excerpt":{"rendered":"<p>Onko sinulla kysymys, johon haluaisit saada vastauksen? Kuumasiirtoon ja tilauksen tekemiseen liittyy monia kysymyksi\u00e4. T\u00e4nne olemme koonneet yleisimpi\u00e4 kysymyksi\u00e4 ja vastauksia. Etsi kysymyksesi avainsanoilla tai tarkastele luetteloa ja napsautamielt\u00e4si askarruttavaa kysymyst\u00e4, niin saat vastauksen n\u00e4kyviin. Voit siirty\u00e4 helposti hakuasi vastaaviin kysymyksiin tai etsi\u00e4 jotain muuta miettim\u00e4\u00e4si aihetta. Jos sinulla on kysymys, johon ei t\u00e4\u00e4lt\u00e4 l\u00f6ydy<\/p>\n","protected":false},"author":1,"featured_media":773039,"parent":771665,"menu_order":1,"comment_status":"closed","ping_status":"closed","template":"inc\/support-FAQ.php","meta":{"_acf_changed":false,"_relevanssi_hide_post":"","_relevanssi_hide_content":"","_relevanssi_pin_for_all":"","_relevanssi_pin_keywords":"","_relevanssi_unpin_keywords":"","_relevanssi_related_keywords":"","_relevanssi_related_include_ids":"","_relevanssi_related_exclude_ids":"","_relevanssi_related_no_append":"","_relevanssi_related_not_related":"","_relevanssi_related_posts":"","_relevanssi_noindex_reason":"","footnotes":""},"class_list":["post-773037","page","type-page","status-publish","has-post-thumbnail","hentry"],"acf":[],"yoast_head":"<!-- This site is optimized with the Yoast SEO plugin v17.1 - https:\/\/yoast.com\/wordpress\/plugins\/seo\/ -->\n<title>UKK - Hot Screen<\/title>\n<meta name=\"robots\" content=\"index, follow, max-snippet:-1, max-image-preview:large, max-video-preview:-1\" \/>\n<link rel=\"canonical\" href=\"https:\/\/old.hotscreen.se\/fi\/tuki\/ukk\/\" \/>\n<meta property=\"og:locale\" content=\"fi_FI\" \/>\n<meta property=\"og:type\" content=\"article\" \/>\n<meta property=\"og:title\" content=\"UKK - Hot Screen\" \/>\n<meta property=\"og:description\" content=\"Onko sinulla kysymys, johon haluaisit saada vastauksen? Kuumasiirtoon ja tilauksen tekemiseen liittyy monia kysymyksi\u00e4. T\u00e4nne olemme koonneet yleisimpi\u00e4 kysymyksi\u00e4 ja vastauksia. Etsi kysymyksesi avainsanoilla tai tarkastele luetteloa ja napsautamielt\u00e4si askarruttavaa kysymyst\u00e4, niin saat vastauksen n\u00e4kyviin. Voit siirty\u00e4 helposti hakuasi vastaaviin kysymyksiin tai etsi\u00e4 jotain muuta miettim\u00e4\u00e4si aihetta. Jos sinulla on kysymys, johon ei t\u00e4\u00e4lt\u00e4 l\u00f6ydy\" \/>\n<meta property=\"og:url\" content=\"https:\/\/old.hotscreen.se\/fi\/tuki\/ukk\/\" \/>\n<meta property=\"og:site_name\" content=\"Hot Screen\" \/>\n<meta property=\"article:modified_time\" content=\"2019-09-12T08:45:47+00:00\" \/>\n<meta property=\"og:image\" content=\"https:\/\/www.hotscreen.se\/wp-content\/uploads\/2015\/10\/support_faq.jpg\" \/>\n\t<meta property=\"og:image:width\" content=\"1170\" \/>\n\t<meta property=\"og:image:height\" content=\"778\" \/>\n<meta name=\"twitter:card\" content=\"summary_large_image\" \/>\n<script type=\"application\/ld+json\" class=\"yoast-schema-graph\">{\"@context\":\"https:\/\/schema.org\",\"@graph\":[{\"@type\":\"WebSite\",\"@id\":\"https:\/\/www.hotscreen.se\/#website\",\"url\":\"https:\/\/www.hotscreen.se\/\",\"name\":\"Hot Screen\",\"description\":\"\",\"potentialAction\":[{\"@type\":\"SearchAction\",\"target\":{\"@type\":\"EntryPoint\",\"urlTemplate\":\"https:\/\/www.hotscreen.se\/?s={search_term_string}\"},\"query-input\":\"required name=search_term_string\"}],\"inLanguage\":\"fi\"},{\"@type\":\"ImageObject\",\"@id\":\"https:\/\/old.hotscreen.se\/fi\/tuki\/ukk\/#primaryimage\",\"inLanguage\":\"fi\",\"url\":\"https:\/\/old.hotscreen.se\/wp-content\/uploads\/2015\/10\/support_faq.jpg\",\"contentUrl\":\"https:\/\/old.hotscreen.se\/wp-content\/uploads\/2015\/10\/support_faq.jpg\",\"width\":1170,\"height\":778},{\"@type\":\"WebPage\",\"@id\":\"https:\/\/old.hotscreen.se\/fi\/tuki\/ukk\/#webpage\",\"url\":\"https:\/\/old.hotscreen.se\/fi\/tuki\/ukk\/\",\"name\":\"UKK - Hot Screen\",\"isPartOf\":{\"@id\":\"https:\/\/www.hotscreen.se\/#website\"},\"primaryImageOfPage\":{\"@id\":\"https:\/\/old.hotscreen.se\/fi\/tuki\/ukk\/#primaryimage\"},\"datePublished\":\"2017-03-13T08:48:18+00:00\",\"dateModified\":\"2019-09-12T08:45:47+00:00\",\"breadcrumb\":{\"@id\":\"https:\/\/old.hotscreen.se\/fi\/tuki\/ukk\/#breadcrumb\"},\"inLanguage\":\"fi\",\"potentialAction\":[{\"@type\":\"ReadAction\",\"target\":[\"https:\/\/old.hotscreen.se\/fi\/tuki\/ukk\/\"]}]},{\"@type\":\"BreadcrumbList\",\"@id\":\"https:\/\/old.hotscreen.se\/fi\/tuki\/ukk\/#breadcrumb\",\"itemListElement\":[{\"@type\":\"ListItem\",\"position\":1,\"name\":\"Home\",\"item\":\"https:\/\/www.hotscreen.se\/\"},{\"@type\":\"ListItem\",\"position\":2,\"name\":\"Tuki\",\"item\":\"https:\/\/www.hotscreen.se\/support\/\"},{\"@type\":\"ListItem\",\"position\":3,\"name\":\"UKK\"}]}]}<\/script>\n<!-- \/ Yoast SEO plugin. -->","yoast_head_json":{"title":"UKK - Hot Screen","robots":{"index":"index","follow":"follow","max-snippet":"max-snippet:-1","max-image-preview":"max-image-preview:large","max-video-preview":"max-video-preview:-1"},"canonical":"https:\/\/old.hotscreen.se\/fi\/tuki\/ukk\/","og_locale":"fi_FI","og_type":"article","og_title":"UKK - Hot Screen","og_description":"Onko sinulla kysymys, johon haluaisit saada vastauksen? Kuumasiirtoon ja tilauksen tekemiseen liittyy monia kysymyksi\u00e4. T\u00e4nne olemme koonneet yleisimpi\u00e4 kysymyksi\u00e4 ja vastauksia. Etsi kysymyksesi avainsanoilla tai tarkastele luetteloa ja napsautamielt\u00e4si askarruttavaa kysymyst\u00e4, niin saat vastauksen n\u00e4kyviin. Voit siirty\u00e4 helposti hakuasi vastaaviin kysymyksiin tai etsi\u00e4 jotain muuta miettim\u00e4\u00e4si aihetta. Jos sinulla on kysymys, johon ei t\u00e4\u00e4lt\u00e4 l\u00f6ydy","og_url":"https:\/\/old.hotscreen.se\/fi\/tuki\/ukk\/","og_site_name":"Hot Screen","article_modified_time":"2019-09-12T08:45:47+00:00","og_image":[{"width":1170,"height":778,"url":"https:\/\/www.hotscreen.se\/wp-content\/uploads\/2015\/10\/support_faq.jpg","path":"\/var\/www\/hotscreen_wp\/wp-content\/uploads\/2015\/10\/support_faq.jpg","size":"full","id":773039,"alt":"","pixels":910260,"type":"image\/jpeg"}],"twitter_card":"summary_large_image","schema":{"@context":"https:\/\/schema.org","@graph":[{"@type":"WebSite","@id":"https:\/\/www.hotscreen.se\/#website","url":"https:\/\/www.hotscreen.se\/","name":"Hot Screen","description":"","potentialAction":[{"@type":"SearchAction","target":{"@type":"EntryPoint","urlTemplate":"https:\/\/www.hotscreen.se\/?s={search_term_string}"},"query-input":"required name=search_term_string"}],"inLanguage":"fi"},{"@type":"ImageObject","@id":"https:\/\/old.hotscreen.se\/fi\/tuki\/ukk\/#primaryimage","inLanguage":"fi","url":"https:\/\/old.hotscreen.se\/wp-content\/uploads\/2015\/10\/support_faq.jpg","contentUrl":"https:\/\/old.hotscreen.se\/wp-content\/uploads\/2015\/10\/support_faq.jpg","width":1170,"height":778},{"@type":"WebPage","@id":"https:\/\/old.hotscreen.se\/fi\/tuki\/ukk\/#webpage","url":"https:\/\/old.hotscreen.se\/fi\/tuki\/ukk\/","name":"UKK - Hot Screen","isPartOf":{"@id":"https:\/\/www.hotscreen.se\/#website"},"primaryImageOfPage":{"@id":"https:\/\/old.hotscreen.se\/fi\/tuki\/ukk\/#primaryimage"},"datePublished":"2017-03-13T08:48:18+00:00","dateModified":"2019-09-12T08:45:47+00:00","breadcrumb":{"@id":"https:\/\/old.hotscreen.se\/fi\/tuki\/ukk\/#breadcrumb"},"inLanguage":"fi","potentialAction":[{"@type":"ReadAction","target":["https:\/\/old.hotscreen.se\/fi\/tuki\/ukk\/"]}]},{"@type":"BreadcrumbList","@id":"https:\/\/old.hotscreen.se\/fi\/tuki\/ukk\/#breadcrumb","itemListElement":[{"@type":"ListItem","position":1,"name":"Home","item":"https:\/\/www.hotscreen.se\/"},{"@type":"ListItem","position":2,"name":"Tuki","item":"https:\/\/www.hotscreen.se\/support\/"},{"@type":"ListItem","position":3,"name":"UKK"}]}]}},"_links":{"self":[{"href":"https:\/\/old.hotscreen.se\/fi\/wp-json\/wp\/v2\/pages\/773037","targetHints":{"allow":["GET"]}}],"collection":[{"href":"https:\/\/old.hotscreen.se\/fi\/wp-json\/wp\/v2\/pages"}],"about":[{"href":"https:\/\/old.hotscreen.se\/fi\/wp-json\/wp\/v2\/types\/page"}],"author":[{"embeddable":true,"href":"https:\/\/old.hotscreen.se\/fi\/wp-json\/wp\/v2\/users\/1"}],"replies":[{"embeddable":true,"href":"https:\/\/old.hotscreen.se\/fi\/wp-json\/wp\/v2\/comments?post=773037"}],"version-history":[{"count":3,"href":"https:\/\/old.hotscreen.se\/fi\/wp-json\/wp\/v2\/pages\/773037\/revisions"}],"predecessor-version":[{"id":2394651,"href":"https:\/\/old.hotscreen.se\/fi\/wp-json\/wp\/v2\/pages\/773037\/revisions\/2394651"}],"up":[{"embeddable":true,"href":"https:\/\/old.hotscreen.se\/fi\/wp-json\/wp\/v2\/pages\/771665"}],"wp:featuredmedia":[{"embeddable":true,"href":"https:\/\/old.hotscreen.se\/fi\/wp-json\/wp\/v2\/media\/773039"}],"wp:attachment":[{"href":"https:\/\/old.hotscreen.se\/fi\/wp-json\/wp\/v2\/media?parent=773037"}],"curies":[{"name":"wp","href":"https:\/\/api.w.org\/{rel}","templated":true}]}}