{"id":772950,"date":"2017-03-13T09:48:04","date_gmt":"2017-03-13T08:48:04","guid":{"rendered":"http:\/\/www.hotscreen.se\/tuki\/tilaa\/"},"modified":"2025-11-10T10:54:49","modified_gmt":"2025-11-10T09:54:49","slug":"tilaa","status":"publish","type":"page","link":"https:\/\/old.hotscreen.se\/fi\/tuki\/tilaa\/","title":{"rendered":"Tilaa"},"content":{"rendered":"<div class=\"row\">\n<div class=\"col-sm-12\">\n<div class=\"white-box shadow list\">\n<h1>Miksi Hot Screen?<\/h1>\n<p>Hyv\u00e4 saatavuus ja suora viestint\u00e4 ovat avainsanoja vuoropuhelussa asiakkaidemme kanssa. \u00a0Olet tehnyt hyv\u00e4n p\u00e4\u00e4t\u00f6ksen valitessasi meid\u00e4n kuumasiirtokuvamme. Olemme hyvin tietoisia siit\u00e4, ettei kokonaisratkaisu ole vahvempi, kuin sen heikoin lenkki. Haluamme varmistaa, ett\u00e4 tilaukset ja tuotanto sujuvat mahdollisimman joustavasti ja siksi joku asiakaspalvelijoistamme ottaa sinuun henkil\u00f6kohtaisesti yhteytt\u00e4, heti kun olet l\u00e4hett\u00e4nyt tilauksesi. Kun ty\u00f6skentelemme tiiviiss\u00e4 yhteisty\u00f6ss\u00e4 kanssasi, saamme tarvittavat tiedot ja voimme toimittaa kuumasiirtokuvasi nopeasti ja laadukkaasti.<\/p>\n<p>Tavoitteemme on, ett\u00e4 kaikkiin tiedusteluihin vastataan 24 tunnin kuluessa. Oletusarvoisesti tuotantoaikamme on enint\u00e4\u00e4n 4 ty\u00f6p\u00e4iv\u00e4\u00e4 kuvamateriaalin hyv\u00e4ksymisen j\u00e4lkeen. Jos toimitat valmiin alkuper\u00e4ismateriaalin, voimme valmistaa tuotteet <strong>p\u00e4iv\u00e4n kuluttua<\/strong> tilauksestasi! (Katso alla)<\/p>\n<p>Lis\u00e4ksi tuleva kuljetusaika riippuu siit\u00e4, mihin haluat toimituksen tapahtuvan. K\u00e4yt\u00e4mme toimituksissa PostNordia, UPS:\u00e4\u00e4 ja Schenkeri\u00e4.<\/p>\n<\/div>\n<\/div>\n<\/div>\n","protected":false},"excerpt":{"rendered":"<p>Miksi Hot Screen? Hyv\u00e4 saatavuus ja suora viestint\u00e4 ovat avainsanoja vuoropuhelussa asiakkaidemme kanssa. \u00a0Olet tehnyt hyv\u00e4n p\u00e4\u00e4t\u00f6ksen valitessasi meid\u00e4n kuumasiirtokuvamme. Olemme hyvin tietoisia siit\u00e4, ettei kokonaisratkaisu ole vahvempi, kuin sen heikoin lenkki. Haluamme varmistaa, ett\u00e4 tilaukset ja tuotanto sujuvat mahdollisimman joustavasti ja siksi joku asiakaspalvelijoistamme ottaa sinuun henkil\u00f6kohtaisesti yhteytt\u00e4, heti kun olet l\u00e4hett\u00e4nyt tilauksesi. Kun<\/p>\n","protected":false},"author":1,"featured_media":772955,"parent":771665,"menu_order":0,"comment_status":"closed","ping_status":"closed","template":"inc\/support-bestall.php","meta":{"_acf_changed":false,"_relevanssi_hide_post":"","_relevanssi_hide_content":"","_relevanssi_pin_for_all":"","_relevanssi_pin_keywords":"","_relevanssi_unpin_keywords":"","_relevanssi_related_keywords":"","_relevanssi_related_include_ids":"","_relevanssi_related_exclude_ids":"","_relevanssi_related_no_append":"","_relevanssi_related_not_related":"","_relevanssi_related_posts":"","_relevanssi_noindex_reason":"","footnotes":""},"class_list":["post-772950","page","type-page","status-publish","has-post-thumbnail","hentry"],"acf":[],"yoast_head":"<!-- This site is optimized with the Yoast SEO plugin v17.1 - https:\/\/yoast.com\/wordpress\/plugins\/seo\/ -->\n<title>Tilaa - Hot Screen<\/title>\n<meta name=\"robots\" content=\"index, follow, max-snippet:-1, max-image-preview:large, max-video-preview:-1\" \/>\n<link rel=\"canonical\" href=\"https:\/\/old.hotscreen.se\/fi\/tuki\/tilaa\/\" \/>\n<meta property=\"og:locale\" content=\"fi_FI\" \/>\n<meta property=\"og:type\" content=\"article\" \/>\n<meta property=\"og:title\" content=\"Tilaa - Hot Screen\" \/>\n<meta property=\"og:description\" content=\"Miksi Hot Screen? Hyv\u00e4 saatavuus ja suora viestint\u00e4 ovat avainsanoja vuoropuhelussa asiakkaidemme kanssa. \u00a0Olet tehnyt hyv\u00e4n p\u00e4\u00e4t\u00f6ksen valitessasi meid\u00e4n kuumasiirtokuvamme. Olemme hyvin tietoisia siit\u00e4, ettei kokonaisratkaisu ole vahvempi, kuin sen heikoin lenkki. Haluamme varmistaa, ett\u00e4 tilaukset ja tuotanto sujuvat mahdollisimman joustavasti ja siksi joku asiakaspalvelijoistamme ottaa sinuun henkil\u00f6kohtaisesti yhteytt\u00e4, heti kun olet l\u00e4hett\u00e4nyt tilauksesi. Kun\" \/>\n<meta property=\"og:url\" content=\"https:\/\/old.hotscreen.se\/fi\/tuki\/tilaa\/\" \/>\n<meta property=\"og:site_name\" content=\"Hot Screen\" \/>\n<meta property=\"article:modified_time\" content=\"2025-11-10T09:54:49+00:00\" \/>\n<meta property=\"og:image\" content=\"https:\/\/www.hotscreen.se\/wp-content\/uploads\/2015\/10\/hur_bestaller1.jpg\" \/>\n\t<meta property=\"og:image:width\" content=\"1170\" \/>\n\t<meta property=\"og:image:height\" content=\"778\" \/>\n<meta name=\"twitter:card\" content=\"summary_large_image\" \/>\n<script type=\"application\/ld+json\" class=\"yoast-schema-graph\">{\"@context\":\"https:\/\/schema.org\",\"@graph\":[{\"@type\":\"WebSite\",\"@id\":\"https:\/\/www.hotscreen.se\/#website\",\"url\":\"https:\/\/www.hotscreen.se\/\",\"name\":\"Hot Screen\",\"description\":\"\",\"potentialAction\":[{\"@type\":\"SearchAction\",\"target\":{\"@type\":\"EntryPoint\",\"urlTemplate\":\"https:\/\/www.hotscreen.se\/?s={search_term_string}\"},\"query-input\":\"required name=search_term_string\"}],\"inLanguage\":\"fi\"},{\"@type\":\"ImageObject\",\"@id\":\"https:\/\/old.hotscreen.se\/fi\/tuki\/tilaa\/#primaryimage\",\"inLanguage\":\"fi\",\"url\":\"https:\/\/old.hotscreen.se\/wp-content\/uploads\/2015\/10\/hur_bestaller1.jpg\",\"contentUrl\":\"https:\/\/old.hotscreen.se\/wp-content\/uploads\/2015\/10\/hur_bestaller1.jpg\",\"width\":1170,\"height\":778},{\"@type\":\"WebPage\",\"@id\":\"https:\/\/old.hotscreen.se\/fi\/tuki\/tilaa\/#webpage\",\"url\":\"https:\/\/old.hotscreen.se\/fi\/tuki\/tilaa\/\",\"name\":\"Tilaa - Hot Screen\",\"isPartOf\":{\"@id\":\"https:\/\/www.hotscreen.se\/#website\"},\"primaryImageOfPage\":{\"@id\":\"https:\/\/old.hotscreen.se\/fi\/tuki\/tilaa\/#primaryimage\"},\"datePublished\":\"2017-03-13T08:48:04+00:00\",\"dateModified\":\"2025-11-10T09:54:49+00:00\",\"breadcrumb\":{\"@id\":\"https:\/\/old.hotscreen.se\/fi\/tuki\/tilaa\/#breadcrumb\"},\"inLanguage\":\"fi\",\"potentialAction\":[{\"@type\":\"ReadAction\",\"target\":[\"https:\/\/old.hotscreen.se\/fi\/tuki\/tilaa\/\"]}]},{\"@type\":\"BreadcrumbList\",\"@id\":\"https:\/\/old.hotscreen.se\/fi\/tuki\/tilaa\/#breadcrumb\",\"itemListElement\":[{\"@type\":\"ListItem\",\"position\":1,\"name\":\"Home\",\"item\":\"https:\/\/www.hotscreen.se\/\"},{\"@type\":\"ListItem\",\"position\":2,\"name\":\"Tuki\",\"item\":\"https:\/\/www.hotscreen.se\/support\/\"},{\"@type\":\"ListItem\",\"position\":3,\"name\":\"Tilaa\"}]}]}<\/script>\n<!-- \/ Yoast SEO plugin. -->","yoast_head_json":{"title":"Tilaa - Hot Screen","robots":{"index":"index","follow":"follow","max-snippet":"max-snippet:-1","max-image-preview":"max-image-preview:large","max-video-preview":"max-video-preview:-1"},"canonical":"https:\/\/old.hotscreen.se\/fi\/tuki\/tilaa\/","og_locale":"fi_FI","og_type":"article","og_title":"Tilaa - Hot Screen","og_description":"Miksi Hot Screen? Hyv\u00e4 saatavuus ja suora viestint\u00e4 ovat avainsanoja vuoropuhelussa asiakkaidemme kanssa. \u00a0Olet tehnyt hyv\u00e4n p\u00e4\u00e4t\u00f6ksen valitessasi meid\u00e4n kuumasiirtokuvamme. Olemme hyvin tietoisia siit\u00e4, ettei kokonaisratkaisu ole vahvempi, kuin sen heikoin lenkki. Haluamme varmistaa, ett\u00e4 tilaukset ja tuotanto sujuvat mahdollisimman joustavasti ja siksi joku asiakaspalvelijoistamme ottaa sinuun henkil\u00f6kohtaisesti yhteytt\u00e4, heti kun olet l\u00e4hett\u00e4nyt tilauksesi. Kun","og_url":"https:\/\/old.hotscreen.se\/fi\/tuki\/tilaa\/","og_site_name":"Hot Screen","article_modified_time":"2025-11-10T09:54:49+00:00","og_image":[{"width":1170,"height":778,"url":"https:\/\/www.hotscreen.se\/wp-content\/uploads\/2015\/10\/hur_bestaller1.jpg","path":"\/var\/www\/hotscreen_wp\/wp-content\/uploads\/2015\/10\/hur_bestaller1.jpg","size":"full","id":772955,"alt":"","pixels":910260,"type":"image\/jpeg"}],"twitter_card":"summary_large_image","schema":{"@context":"https:\/\/schema.org","@graph":[{"@type":"WebSite","@id":"https:\/\/www.hotscreen.se\/#website","url":"https:\/\/www.hotscreen.se\/","name":"Hot Screen","description":"","potentialAction":[{"@type":"SearchAction","target":{"@type":"EntryPoint","urlTemplate":"https:\/\/www.hotscreen.se\/?s={search_term_string}"},"query-input":"required name=search_term_string"}],"inLanguage":"fi"},{"@type":"ImageObject","@id":"https:\/\/old.hotscreen.se\/fi\/tuki\/tilaa\/#primaryimage","inLanguage":"fi","url":"https:\/\/old.hotscreen.se\/wp-content\/uploads\/2015\/10\/hur_bestaller1.jpg","contentUrl":"https:\/\/old.hotscreen.se\/wp-content\/uploads\/2015\/10\/hur_bestaller1.jpg","width":1170,"height":778},{"@type":"WebPage","@id":"https:\/\/old.hotscreen.se\/fi\/tuki\/tilaa\/#webpage","url":"https:\/\/old.hotscreen.se\/fi\/tuki\/tilaa\/","name":"Tilaa - Hot Screen","isPartOf":{"@id":"https:\/\/www.hotscreen.se\/#website"},"primaryImageOfPage":{"@id":"https:\/\/old.hotscreen.se\/fi\/tuki\/tilaa\/#primaryimage"},"datePublished":"2017-03-13T08:48:04+00:00","dateModified":"2025-11-10T09:54:49+00:00","breadcrumb":{"@id":"https:\/\/old.hotscreen.se\/fi\/tuki\/tilaa\/#breadcrumb"},"inLanguage":"fi","potentialAction":[{"@type":"ReadAction","target":["https:\/\/old.hotscreen.se\/fi\/tuki\/tilaa\/"]}]},{"@type":"BreadcrumbList","@id":"https:\/\/old.hotscreen.se\/fi\/tuki\/tilaa\/#breadcrumb","itemListElement":[{"@type":"ListItem","position":1,"name":"Home","item":"https:\/\/www.hotscreen.se\/"},{"@type":"ListItem","position":2,"name":"Tuki","item":"https:\/\/www.hotscreen.se\/support\/"},{"@type":"ListItem","position":3,"name":"Tilaa"}]}]}},"_links":{"self":[{"href":"https:\/\/old.hotscreen.se\/fi\/wp-json\/wp\/v2\/pages\/772950","targetHints":{"allow":["GET"]}}],"collection":[{"href":"https:\/\/old.hotscreen.se\/fi\/wp-json\/wp\/v2\/pages"}],"about":[{"href":"https:\/\/old.hotscreen.se\/fi\/wp-json\/wp\/v2\/types\/page"}],"author":[{"embeddable":true,"href":"https:\/\/old.hotscreen.se\/fi\/wp-json\/wp\/v2\/users\/1"}],"replies":[{"embeddable":true,"href":"https:\/\/old.hotscreen.se\/fi\/wp-json\/wp\/v2\/comments?post=772950"}],"version-history":[{"count":4,"href":"https:\/\/old.hotscreen.se\/fi\/wp-json\/wp\/v2\/pages\/772950\/revisions"}],"predecessor-version":[{"id":13456826,"href":"https:\/\/old.hotscreen.se\/fi\/wp-json\/wp\/v2\/pages\/772950\/revisions\/13456826"}],"up":[{"embeddable":true,"href":"https:\/\/old.hotscreen.se\/fi\/wp-json\/wp\/v2\/pages\/771665"}],"wp:featuredmedia":[{"embeddable":true,"href":"https:\/\/old.hotscreen.se\/fi\/wp-json\/wp\/v2\/media\/772955"}],"wp:attachment":[{"href":"https:\/\/old.hotscreen.se\/fi\/wp-json\/wp\/v2\/media?parent=772950"}],"curies":[{"name":"wp","href":"https:\/\/api.w.org\/{rel}","templated":true}]}}