{"id":4838437,"date":"2022-10-06T14:12:23","date_gmt":"2022-10-06T12:12:23","guid":{"rendered":"https:\/\/www.hotscreen.se\/?page_id=4838437"},"modified":"2024-08-21T15:17:17","modified_gmt":"2024-08-21T13:17:17","slug":"hae-tilia","status":"publish","type":"page","link":"https:\/\/old.hotscreen.se\/fi\/hae-tilia\/","title":{"rendered":"Hae tili\u00e4"},"content":{"rendered":"\t\t<div data-elementor-type=\"wp-page\" data-elementor-id=\"4838437\" class=\"elementor elementor-4838437 elementor-4838431\" data-elementor-post-type=\"page\">\n\t\t\t\t<div class=\"elementor-element elementor-element-5a1ca7be e-flex e-con-boxed e-con e-parent\" data-id=\"5a1ca7be\" data-element_type=\"container\" data-e-type=\"container\">\n\t\t\t\t\t<div class=\"e-con-inner\">\n\t\t\t\t<div class=\"elementor-element elementor-element-ba36ba3 elementor-widget elementor-widget-text-editor\" data-id=\"ba36ba3\" data-element_type=\"widget\" data-e-type=\"widget\" data-widget_type=\"text-editor.default\">\n\t\t\t\t<div class=\"elementor-widget-container\">\n\t\t\t\t\t\t\t\t\t<p><span style=\"font-weight: 400;\">T\u00e4yt\u00e4 alla oleva lomake hakeaksesi asiakastili\u00e4. Lis\u00e4tietoja siit\u00e4, kuka voi rekister\u00f6ity\u00e4 asiakkaaksi, l\u00f6ytyy alta.<\/span><\/p>\t\t\t\t\t\t\t\t<\/div>\n\t\t\t\t<\/div>\n\t\t\t\t<div class=\"elementor-element elementor-element-4a75fd79 elementor-widget elementor-widget-shortcode\" data-id=\"4a75fd79\" data-element_type=\"widget\" data-e-type=\"widget\" data-widget_type=\"shortcode.default\">\n\t\t\t\t<div class=\"elementor-widget-container\">\n\t\t\t\t\t\t\t<div class=\"elementor-shortcode\"><div class=\"register-form\"><div class=\"apply-container\"><\/div><span class=\"small-title\">Valitse maa<\/span><div id=\"country-select-wrap\"><select id=\"bp_register_countries\"><option value=\"AF\" >Afghanistan<\/option><option value=\"AX\" >\u00c5land Islands<\/option><option value=\"AL\" >Albania<\/option><option value=\"DZ\" >Algeria<\/option><option value=\"AS\" >Amerikan Samoa<\/option><option value=\"AD\" >Andorra<\/option><option value=\"AO\" >Angola<\/option><option value=\"AI\" >Anguilla<\/option><option value=\"AQ\" >Antarktis<\/option><option value=\"AG\" >Antigua ja Barbuda<\/option><option value=\"AR\" >Argentiina<\/option><option value=\"AM\" >Armenia<\/option><option value=\"AW\" >Aruba<\/option><option value=\"AU\" >Australia<\/option><option value=\"AZ\" >Azerbaid\u017ean<\/option><option value=\"BS\" >Bahama<\/option><option value=\"BH\" >Bahrain<\/option><option value=\"BD\" >Bangladesh<\/option><option value=\"BB\" >Barbados<\/option><option value=\"BE\" >Belgia<\/option><option value=\"BZ\" >Belize<\/option><option value=\"BJ\" >Benin<\/option><option value=\"BM\" >Bermuda<\/option><option value=\"BT\" >Bhutan<\/option><option value=\"BO\" >Bolivia<\/option><option value=\"BQ\" >Bonaire, Saint Eustatius and Saba<\/option><option value=\"BA\" >Bosnia ja Hertsegovina<\/option><option value=\"BW\" >Botswana<\/option><option value=\"BV\" >Bouvet Island<\/option><option value=\"BR\" >Brasilia<\/option><option value=\"IO\" >Brittil\u00e4inen Intian valtameren alue<\/option><option value=\"BN\" >Brunei<\/option><option value=\"BG\" >Bulgaria<\/option><option value=\"BF\" >Burkina Faso<\/option><option value=\"BI\" >Burundi<\/option><option value=\"KY\" >Caymansaaret<\/option><option value=\"TD\" >Chad<\/option><option value=\"CL\" >Chile<\/option><option value=\"CK\" >Cookinsaaret<\/option><option value=\"CR\" >Costa Rica<\/option><option value=\"CW\" >Cura&Ccedil;ao<\/option><option value=\"DJ\" >Djibouti<\/option><option value=\"DM\" >Dominica<\/option><option value=\"DO\" >Dominikaaninen tasavalta<\/option><option value=\"EC\" >Ecuador<\/option><option value=\"EG\" >Egypti<\/option><option value=\"SV\" >El Salvador<\/option><option value=\"ER\" >Eritrea<\/option><option value=\"ES\" >Espanja<\/option><option value=\"ZA\" >Etel\u00e4-Afrikka<\/option><option value=\"GS\" >Etel\u00e4-Georgia ja Sandwichsaaret<\/option><option value=\"KR\" >Etel\u00e4-Korea<\/option><option value=\"SS\" >Etel\u00e4-Sudan<\/option><option value=\"ET\" >Etiopia<\/option><option value=\"FK\" >Falklandinsaaret<\/option><option value=\"FO\" >F\u00e4rsaaret<\/option><option value=\"FJ\" >Fid\u017ei<\/option><option value=\"PH\" >Filippiinit<\/option><option value=\"GA\" >Gabon<\/option><option value=\"GM\" >Gambia<\/option><option value=\"GE\" >Georgia<\/option><option value=\"GH\" >Ghana<\/option><option value=\"GI\" >Gibraltar<\/option><option value=\"GD\" >Grenada<\/option><option value=\"GL\" >Gr\u00f6nlanti<\/option><option value=\"GP\" >Guadeloupe<\/option><option value=\"GU\" >Guam<\/option><option value=\"GT\" >Guatemala<\/option><option value=\"GG\" >Guernsey<\/option><option value=\"GN\" >Guinea<\/option><option value=\"GW\" >Guinea-Bissaun<\/option><option value=\"GY\" >Guyana<\/option><option value=\"HT\" >Haiti<\/option><option value=\"HM\" >Heard Island ja McDonald Islands<\/option><option value=\"NL\" >Hollanti<\/option><option value=\"HN\" >Honduras<\/option><option value=\"HK\" >Hong Kong<\/option><option value=\"ID\" >Indonesia<\/option><option value=\"IN\" >Intia<\/option><option value=\"IQ\" >Irak<\/option><option value=\"IR\" >Iran<\/option><option value=\"IE\" >Irlanti<\/option><option value=\"IS\" >Islanti<\/option><option value=\"IM\" >Isle of Man<\/option><option value=\"IL\" >Israel<\/option><option value=\"TL\" >It\u00e4-Timor<\/option><option value=\"IT\" >Italia<\/option><option value=\"AT\" >It\u00e4valta<\/option><option value=\"JM\" >Jamaika<\/option><option value=\"JP\" >Japani<\/option><option value=\"JE\" >Jersey<\/option><option value=\"JO\" >Jordan<\/option><option value=\"CX\" >Joulusaari<\/option><option value=\"KH\" >Kambodza<\/option><option value=\"CM\" >Kamerun<\/option><option value=\"CA\" >Kanada<\/option><option value=\"CV\" >Kap Verde<\/option><option value=\"KZ\" >Kazakstan<\/option><option value=\"KE\" >Kenia<\/option><option value=\"CF\" >Keski-Afrikan tasavalta<\/option><option value=\"CN\" >Kiina<\/option><option value=\"KG\" >Kirgisia<\/option><option value=\"KI\" >Kiribati<\/option><option value=\"CO\" >Kolumbia<\/option><option value=\"KM\" >Komorit<\/option><option value=\"CG\" >Kongo (Brazzaville)<\/option><option value=\"CD\" >Kongo (Kinshasa)<\/option><option value=\"CC\" >Kookossaaret<\/option><option value=\"GR\" >Kreikka<\/option><option value=\"HR\" >Kroatia<\/option><option value=\"CU\" >Kuuba<\/option><option value=\"KW\" >Kuwait<\/option><option value=\"CY\" >Kypros<\/option><option value=\"EH\" >L\u00e4nsi-Sahara<\/option><option value=\"LA\" >Laos<\/option><option value=\"LV\" >Latvia<\/option><option value=\"LS\" >Lesotho<\/option><option value=\"LB\" >Libanon<\/option><option value=\"LR\" >Liberia<\/option><option value=\"LY\" >Libya<\/option><option value=\"LI\" >Liechtenstein<\/option><option value=\"LT\" >Liettua<\/option><option value=\"LU\" >Luxembourg<\/option><option value=\"MO\" >Macao<\/option><option value=\"MG\" >Madagascar<\/option><option value=\"MW\" >Malawi<\/option><option value=\"MV\" >Malediivit<\/option><option value=\"MY\" >Malesia<\/option><option value=\"ML\" >Mali<\/option><option value=\"MT\" >Malta<\/option><option value=\"MA\" >Marokko<\/option><option value=\"MH\" >Marshallinsaaret<\/option><option value=\"MQ\" >Martinique<\/option><option value=\"MR\" >Mauritania<\/option><option value=\"MU\" >Mauritius<\/option><option value=\"YT\" >Mayotte<\/option><option value=\"MX\" >Meksiko<\/option><option value=\"FM\" >Mikronesia<\/option><option value=\"MD\" >Moldova<\/option><option value=\"MC\" >Monaco<\/option><option value=\"MN\" >Mongolia<\/option><option value=\"ME\" >Montenegro<\/option><option value=\"MS\" >Montserrat<\/option><option value=\"MZ\" >Mozambique<\/option><option value=\"MM\" >Myanmar<\/option><option value=\"NA\" >Namibia<\/option><option value=\"NR\" >Nauru<\/option><option value=\"VG\" >Neitsytsaaret (UK)<\/option><option value=\"VI\" >Neitsytsaaret (USA)<\/option><option value=\"NP\" >Nepal<\/option><option value=\"NI\" >Nicaragua<\/option><option value=\"NE\" >Niger<\/option><option value=\"NG\" >Nigeria<\/option><option value=\"NU\" >Niue<\/option><option value=\"NF\" >Norfolkinsaari<\/option><option value=\"NO\" >Norja<\/option><option value=\"CI\" >Norsunluurannikko<\/option><option value=\"OM\" >Oman<\/option><option value=\"GQ\" >P\u00e4iv\u00e4ntasaajan Guinea<\/option><option value=\"PK\" >Pakistan<\/option><option value=\"PW\" >Palau<\/option><option value=\"PS\" >Palestiinalaisalue<\/option><option value=\"PA\" >Panama<\/option><option value=\"PG\" >Papua-Uusi-Guinea<\/option><option value=\"PY\" >Paraguay<\/option><option value=\"PE\" >Peru<\/option><option value=\"PN\" >Pitcairn<\/option><option value=\"KP\" >Pohjois-Korea<\/option><option value=\"MK\" >Pohjois-Makedonia<\/option><option value=\"MP\" >Pohjois-Mariaanit<\/option><option value=\"PT\" >Portugali<\/option><option value=\"PR\" >Puerto Rico<\/option><option value=\"PL\" >Puola<\/option><option value=\"QA\" >Qatar<\/option><option value=\"FR\" >Ranska<\/option><option value=\"GF\" >Ranskan Guayana<\/option><option value=\"PF\" >Ranskan Polynesia<\/option><option value=\"TF\" >Ranskan etel\u00e4iset alueet<\/option><option value=\"RE\" >R\u00e9union<\/option><option value=\"RO\" >Romania<\/option><option value=\"RW\" >Ruanda<\/option><option value=\"SE\" >Ruotsi<\/option><option value=\"BL\" >Saint Barth\u00e9lemy<\/option><option value=\"SH\" >Saint Helena<\/option><option value=\"KN\" >Saint Kitts ja Nevis<\/option><option value=\"LC\" >Saint Lucia<\/option><option value=\"SX\" >Saint Martin (Hollannin osa)<\/option><option value=\"PM\" >Saint Pierre ja Miquelon<\/option><option value=\"VC\" >Saint Vincent ja Grenadiinit<\/option><option value=\"MF\" >Saint-Martin (ranskalainen osa)<\/option><option value=\"DE\" >Saksa<\/option><option value=\"SB\" >Salomonsaaret<\/option><option value=\"ZM\" >Sambia<\/option><option value=\"WS\" >Samoa<\/option><option value=\"SM\" >San Marino<\/option><option value=\"ST\" >Sao Tome ja Principe<\/option><option value=\"SA\" >Saudi-Arabia<\/option><option value=\"SN\" >Senegal<\/option><option value=\"RS\" >Serbia<\/option><option value=\"SC\" >Seychellit<\/option><option value=\"SL\" >Sierra Leone<\/option><option value=\"SG\" >Singapore<\/option><option value=\"SK\" >Slovakia<\/option><option value=\"SI\" >Slovenia<\/option><option value=\"SO\" >Somalia<\/option><option value=\"LK\" >Sri Lanka<\/option><option value=\"SD\" >Sudan<\/option><option value=\"FI\"  selected=\"selected\">Suomi<\/option><option value=\"SR\" >Surinam<\/option><option value=\"SJ\" >Svalbard ja Jan Mayen<\/option><option value=\"CH\" >Sveitsi<\/option><option value=\"SZ\" >Swazimaa<\/option><option value=\"SY\" >Syyria<\/option><option value=\"TJ\" >Tad\u017eikistan<\/option><option value=\"TW\" >Taiwan<\/option><option value=\"TZ\" >Tansania<\/option><option value=\"DK\" >Tanska<\/option><option value=\"TH\" >Thaimaa<\/option><option value=\"TG\" >Togo<\/option><option value=\"TK\" >Tokelau<\/option><option value=\"TO\" >Tonga<\/option><option value=\"TT\" >Trinidad ja Tobago<\/option><option value=\"CZ\" >Tsekki<\/option><option value=\"TN\" >Tunisia<\/option><option value=\"TR\" >Turkki<\/option><option value=\"TM\" >Turkmenistan<\/option><option value=\"TC\" >Turks- ja Caicossaaret<\/option><option value=\"TV\" >Tuvalu<\/option><option value=\"UG\" >Uganda<\/option><option value=\"UA\" >Ukraina<\/option><option value=\"HU\" >Unkari<\/option><option value=\"UY\" >Uruguay<\/option><option value=\"NC\" >Uusi-Kaledonia<\/option><option value=\"NZ\" >Uusi-Seelanti<\/option><option value=\"UZ\" >Uzbekistan<\/option><option value=\"BY\" >Valko-Ven\u00e4j\u00e4<\/option><option value=\"VU\" >Vanuatu<\/option><option value=\"VA\" >Vatikaani<\/option><option value=\"RU\" >Ven\u00e4j\u00e4<\/option><option value=\"VE\" >Venezuela<\/option><option value=\"VN\" >Vietnam<\/option><option value=\"EE\" >Viro<\/option><option value=\"WF\" >Wallis and Futuna<\/option><option value=\"YE\" >Yemen<\/option><option value=\"AE\" >Yhdistyneet Arabiemiirikunnat<\/option><option value=\"GB\" >Yhdistynyt kuningaskunta (UK)<\/option><option value=\"US\" >Yhdysvallat (USA)<\/option><option value=\"UM\" >Yhdysvallat (USA) pienet kaukaiset saaret<\/option><option value=\"ZW\" >Zimbabwe<\/option><\/select><\/div><div id=\"briqpay-signup\" style=\"min-width: 340px; max-width: 640px\">      <iframe scrolling=\"no\" id=\"briqpay-signup-iframe\" src=\"https:\/\/signup-client.briqpay.com\/?locale=fi-fi&token=eyJ0eXAiOiJKV1QiLCJhbGciOiJIUzI1NiJ9.eyJpc3MiOiJCcmlxUGF5TWVyY2hhbnQiLCJzdWIiOiIiLCJzZXNzaW9uSWQiOiI0OTE3OGViZC1jNzY5LTRiZTMtYTFlZS00NTQ2NzVlZTJlMGIiLCJtZXJjaGFudElkIjoiZDY2MTRmMzQtODExMy00Njg0LTk1YWItYTAwNDJhMGZmYWIyIiwiYXVkIjoiY2xpZW50LWFwaSIsImlhdCI6MTc3NTgzODQ1NiwidmVyc2lvbiI6InYxIiwidGVzdE1vZGUiOmZhbHNlLCJqdGkiOiJmMjE1NDczYy1jMDZkLTQ4OTItOTllZC02NjIwNzU0ZjJkMzMiLCJleHAiOjE3NzYwMTEyNTZ9.h5j_aNdbw7zBnfs5R53KE5Fy-pQU2knNYIXDxQp1Wv0\" style=\"width: 100%; min-height: 400px; border: none;\"><\/iframe>      <script type=\"text\/javascript\" src=\"https:\/\/api.briqpay.com\/briq.min.js\"><\/script>    <\/div><\/div><\/div>\n\t\t\t\t\t\t<\/div>\n\t\t\t\t<\/div>\n\t\t\t\t<div class=\"elementor-element elementor-element-aa3422a elementor-widget elementor-widget-heading\" data-id=\"aa3422a\" data-element_type=\"widget\" data-e-type=\"widget\" data-widget_type=\"heading.default\">\n\t\t\t\t<div class=\"elementor-widget-container\">\n\t\t\t\t\t<h2 class=\"elementor-heading-title elementor-size-default\">Kuka voi rekister\u00f6ity\u00e4 asiakkaaksemme?<\/h2>\t\t\t\t<\/div>\n\t\t\t\t<\/div>\n\t\t\t\t<div class=\"elementor-element elementor-element-df9037a elementor-widget elementor-widget-button\" data-id=\"df9037a\" data-element_type=\"widget\" data-e-type=\"widget\" data-widget_type=\"button.default\">\n\t\t\t\t<div class=\"elementor-widget-container\">\n\t\t\t\t\t\t\t\t\t<div class=\"elementor-button-wrapper\">\n\t\t\t\t\t<a class=\"elementor-button elementor-button-link elementor-size-sm\" href=\"https:\/\/www.hotscreen.se\/fi\/yhteystiedot\/\">\n\t\t\t\t\t\t<span class=\"elementor-button-content-wrapper\">\n\t\t\t\t\t\t\t\t\t<span class=\"elementor-button-text\">Ota yhteytt\u00e4<\/span>\n\t\t\t\t\t<\/span>\n\t\t\t\t\t<\/a>\n\t\t\t\t<\/div>\n\t\t\t\t\t\t\t\t<\/div>\n\t\t\t\t<\/div>\n\t\t\t\t<div class=\"elementor-element elementor-element-35f1221 elementor-widget elementor-widget-text-editor\" data-id=\"35f1221\" data-element_type=\"widget\" data-e-type=\"widget\" data-widget_type=\"text-editor.default\">\n\t\t\t\t<div class=\"elementor-widget-container\">\n\t\t\t\t\t\t\t\t\t<p>Me Hot Screenilla olemme iloisia\u00a0siit\u00e4, ett\u00e4 haluat rekister\u00f6ity\u00e4 asiakkaaksemme! Rekister\u00f6ity\u00e4ksesi sinun tulee olla hyv\u00e4ksytty j\u00e4lleenmyyj\u00e4. T\u00e4m\u00e4 tarkoittaa sit\u00e4, ett\u00e4 aiot myyd\u00e4 tuotteitamme kolmansille osapuolille eiv\u00e4tk\u00e4 ne tule henkil\u00f6kohtaiseen k\u00e4ytt\u00f6\u00f6n. Alla on esimerkkej\u00e4 muutamista yrityksist\u00e4 ja toimialoista, joiden kanssa teemme yhteisty\u00f6t\u00e4:<\/p><p>\u00a0<\/p><ul><li aria-level=\"1\"><b>Toiminta <\/b><b>ty\u00f6- ja ammattivaatteiden<\/b><b>\u00a0myynnin alalla<\/b><\/li><li style=\"font-weight: 400;\" aria-level=\"1\"><strong>Profilointi- ja mainostoimistot<\/strong><\/li><li style=\"font-weight: 400;\" aria-level=\"1\"><strong>Kerhot ja yhdistykset<\/strong><\/li><\/ul><p><span style=\"font-weight: 400;\">Jos olet ep\u00e4varma siit\u00e4, t\u00e4ytt\u00e4\u00e4k\u00f6 yrityksesi vaatimuksemme, \u00e4l\u00e4 ep\u00e4r\u00f6i ottaa yhteytt\u00e4 meihin. Autamme mielell\u00e4mme ja vastaamme kysymyksiisi.<\/span><\/p>\t\t\t\t\t\t\t\t<\/div>\n\t\t\t\t<\/div>\n\t\t\t\t\t<\/div>\n\t\t\t\t<\/div>\n\t\t\t\t<\/div>\n\t\t","protected":false},"excerpt":{"rendered":"<p>T\u00e4yt\u00e4 alla oleva lomake hakeaksesi asiakastili\u00e4. Lis\u00e4tietoja siit\u00e4, kuka voi rekister\u00f6ity\u00e4 asiakkaaksi, l\u00f6ytyy alta. Kuka voi rekister\u00f6ity\u00e4 asiakkaaksemme? Ota yhteytt\u00e4 Me Hot Screenilla olemme iloisia\u00a0siit\u00e4, ett\u00e4 haluat rekister\u00f6ity\u00e4 asiakkaaksemme! Rekister\u00f6ity\u00e4ksesi sinun tulee olla hyv\u00e4ksytty j\u00e4lleenmyyj\u00e4. T\u00e4m\u00e4 tarkoittaa sit\u00e4, ett\u00e4 aiot myyd\u00e4 tuotteitamme kolmansille osapuolille eiv\u00e4tk\u00e4 ne tule henkil\u00f6kohtaiseen k\u00e4ytt\u00f6\u00f6n. Alla on esimerkkej\u00e4 muutamista yrityksist\u00e4 ja<\/p>\n","protected":false},"author":1,"featured_media":0,"parent":0,"menu_order":0,"comment_status":"closed","ping_status":"closed","template":"inc\/register-form.php","meta":{"_acf_changed":false,"_relevanssi_hide_post":"","_relevanssi_hide_content":"","_relevanssi_pin_for_all":"","_relevanssi_pin_keywords":"","_relevanssi_unpin_keywords":"","_relevanssi_related_keywords":"","_relevanssi_related_include_ids":"","_relevanssi_related_exclude_ids":"","_relevanssi_related_no_append":"","_relevanssi_related_not_related":"","_relevanssi_related_posts":"","_relevanssi_noindex_reason":"","footnotes":""},"class_list":["post-4838437","page","type-page","status-publish","hentry"],"acf":[],"yoast_head":"<!-- This site is optimized with the Yoast SEO plugin v17.1 - https:\/\/yoast.com\/wordpress\/plugins\/seo\/ -->\n<title>Hae tili\u00e4 - tilaa siirtopainatus t\u00e4n\u00e4\u00e4n - Hot Screen<\/title>\n<meta name=\"description\" content=\"Liity johtavaan Pohjoismaiden siirtopainotaloon! Kest\u00e4v\u00e4t, ymp\u00e4rist\u00f6sertifioidut siirrot ja puristimet ruotsalaisesta ter\u00e4ksest\u00e4.\" \/>\n<meta name=\"robots\" content=\"index, follow, max-snippet:-1, max-image-preview:large, max-video-preview:-1\" \/>\n<link rel=\"canonical\" href=\"https:\/\/old.hotscreen.se\/fi\/hae-tilia\/\" \/>\n<meta property=\"og:locale\" content=\"fi_FI\" \/>\n<meta property=\"og:type\" content=\"article\" \/>\n<meta property=\"og:title\" content=\"Hae tili\u00e4 - tilaa siirtopainatus t\u00e4n\u00e4\u00e4n - Hot Screen\" \/>\n<meta property=\"og:description\" content=\"Liity johtavaan Pohjoismaiden siirtopainotaloon! Kest\u00e4v\u00e4t, ymp\u00e4rist\u00f6sertifioidut siirrot ja puristimet ruotsalaisesta ter\u00e4ksest\u00e4.\" \/>\n<meta property=\"og:url\" content=\"https:\/\/old.hotscreen.se\/fi\/hae-tilia\/\" \/>\n<meta property=\"og:site_name\" content=\"Hot Screen\" \/>\n<meta property=\"article:modified_time\" content=\"2024-08-21T13:17:17+00:00\" \/>\n<meta name=\"twitter:card\" content=\"summary_large_image\" \/>\n<script type=\"application\/ld+json\" class=\"yoast-schema-graph\">{\"@context\":\"https:\/\/schema.org\",\"@graph\":[{\"@type\":\"WebSite\",\"@id\":\"https:\/\/www.hotscreen.se\/#website\",\"url\":\"https:\/\/www.hotscreen.se\/\",\"name\":\"Hot Screen\",\"description\":\"\",\"potentialAction\":[{\"@type\":\"SearchAction\",\"target\":{\"@type\":\"EntryPoint\",\"urlTemplate\":\"https:\/\/www.hotscreen.se\/?s={search_term_string}\"},\"query-input\":\"required name=search_term_string\"}],\"inLanguage\":\"fi\"},{\"@type\":\"WebPage\",\"@id\":\"https:\/\/old.hotscreen.se\/fi\/hae-tilia\/#webpage\",\"url\":\"https:\/\/old.hotscreen.se\/fi\/hae-tilia\/\",\"name\":\"Hae tili\\u00e4 - tilaa siirtopainatus t\\u00e4n\\u00e4\\u00e4n - Hot Screen\",\"isPartOf\":{\"@id\":\"https:\/\/www.hotscreen.se\/#website\"},\"datePublished\":\"2022-10-06T12:12:23+00:00\",\"dateModified\":\"2024-08-21T13:17:17+00:00\",\"description\":\"Liity johtavaan Pohjoismaiden siirtopainotaloon! Kest\\u00e4v\\u00e4t, ymp\\u00e4rist\\u00f6sertifioidut siirrot ja puristimet ruotsalaisesta ter\\u00e4ksest\\u00e4.\",\"breadcrumb\":{\"@id\":\"https:\/\/old.hotscreen.se\/fi\/hae-tilia\/#breadcrumb\"},\"inLanguage\":\"fi\",\"potentialAction\":[{\"@type\":\"ReadAction\",\"target\":[\"https:\/\/old.hotscreen.se\/fi\/hae-tilia\/\"]}]},{\"@type\":\"BreadcrumbList\",\"@id\":\"https:\/\/old.hotscreen.se\/fi\/hae-tilia\/#breadcrumb\",\"itemListElement\":[{\"@type\":\"ListItem\",\"position\":1,\"name\":\"Home\",\"item\":\"https:\/\/www.hotscreen.se\/\"},{\"@type\":\"ListItem\",\"position\":2,\"name\":\"Hae tili\\u00e4\"}]}]}<\/script>\n<!-- \/ Yoast SEO plugin. -->","yoast_head_json":{"title":"Hae tili\u00e4 - tilaa siirtopainatus t\u00e4n\u00e4\u00e4n - Hot Screen","description":"Liity johtavaan Pohjoismaiden siirtopainotaloon! Kest\u00e4v\u00e4t, ymp\u00e4rist\u00f6sertifioidut siirrot ja puristimet ruotsalaisesta ter\u00e4ksest\u00e4.","robots":{"index":"index","follow":"follow","max-snippet":"max-snippet:-1","max-image-preview":"max-image-preview:large","max-video-preview":"max-video-preview:-1"},"canonical":"https:\/\/old.hotscreen.se\/fi\/hae-tilia\/","og_locale":"fi_FI","og_type":"article","og_title":"Hae tili\u00e4 - tilaa siirtopainatus t\u00e4n\u00e4\u00e4n - Hot Screen","og_description":"Liity johtavaan Pohjoismaiden siirtopainotaloon! Kest\u00e4v\u00e4t, ymp\u00e4rist\u00f6sertifioidut siirrot ja puristimet ruotsalaisesta ter\u00e4ksest\u00e4.","og_url":"https:\/\/old.hotscreen.se\/fi\/hae-tilia\/","og_site_name":"Hot Screen","article_modified_time":"2024-08-21T13:17:17+00:00","twitter_card":"summary_large_image","schema":{"@context":"https:\/\/schema.org","@graph":[{"@type":"WebSite","@id":"https:\/\/www.hotscreen.se\/#website","url":"https:\/\/www.hotscreen.se\/","name":"Hot Screen","description":"","potentialAction":[{"@type":"SearchAction","target":{"@type":"EntryPoint","urlTemplate":"https:\/\/www.hotscreen.se\/?s={search_term_string}"},"query-input":"required name=search_term_string"}],"inLanguage":"fi"},{"@type":"WebPage","@id":"https:\/\/old.hotscreen.se\/fi\/hae-tilia\/#webpage","url":"https:\/\/old.hotscreen.se\/fi\/hae-tilia\/","name":"Hae tili\u00e4 - tilaa siirtopainatus t\u00e4n\u00e4\u00e4n - Hot Screen","isPartOf":{"@id":"https:\/\/www.hotscreen.se\/#website"},"datePublished":"2022-10-06T12:12:23+00:00","dateModified":"2024-08-21T13:17:17+00:00","description":"Liity johtavaan Pohjoismaiden siirtopainotaloon! Kest\u00e4v\u00e4t, ymp\u00e4rist\u00f6sertifioidut siirrot ja puristimet ruotsalaisesta ter\u00e4ksest\u00e4.","breadcrumb":{"@id":"https:\/\/old.hotscreen.se\/fi\/hae-tilia\/#breadcrumb"},"inLanguage":"fi","potentialAction":[{"@type":"ReadAction","target":["https:\/\/old.hotscreen.se\/fi\/hae-tilia\/"]}]},{"@type":"BreadcrumbList","@id":"https:\/\/old.hotscreen.se\/fi\/hae-tilia\/#breadcrumb","itemListElement":[{"@type":"ListItem","position":1,"name":"Home","item":"https:\/\/www.hotscreen.se\/"},{"@type":"ListItem","position":2,"name":"Hae tili\u00e4"}]}]}},"_links":{"self":[{"href":"https:\/\/old.hotscreen.se\/fi\/wp-json\/wp\/v2\/pages\/4838437","targetHints":{"allow":["GET"]}}],"collection":[{"href":"https:\/\/old.hotscreen.se\/fi\/wp-json\/wp\/v2\/pages"}],"about":[{"href":"https:\/\/old.hotscreen.se\/fi\/wp-json\/wp\/v2\/types\/page"}],"author":[{"embeddable":true,"href":"https:\/\/old.hotscreen.se\/fi\/wp-json\/wp\/v2\/users\/1"}],"replies":[{"embeddable":true,"href":"https:\/\/old.hotscreen.se\/fi\/wp-json\/wp\/v2\/comments?post=4838437"}],"version-history":[{"count":13,"href":"https:\/\/old.hotscreen.se\/fi\/wp-json\/wp\/v2\/pages\/4838437\/revisions"}],"predecessor-version":[{"id":12909311,"href":"https:\/\/old.hotscreen.se\/fi\/wp-json\/wp\/v2\/pages\/4838437\/revisions\/12909311"}],"wp:attachment":[{"href":"https:\/\/old.hotscreen.se\/fi\/wp-json\/wp\/v2\/media?parent=4838437"}],"curies":[{"name":"wp","href":"https:\/\/api.w.org\/{rel}","templated":true}]}}