{"id":12578812,"date":"2023-11-01T09:56:20","date_gmt":"2023-11-01T08:56:20","guid":{"rendered":"https:\/\/www.hotscreen.se\/tyoskentele-kanssamme\/"},"modified":"2023-11-01T10:46:11","modified_gmt":"2023-11-01T09:46:11","slug":"tyoskentele-kanssamme","status":"publish","type":"page","link":"https:\/\/old.hotscreen.se\/fi\/tyoskentele-kanssamme\/","title":{"rendered":"Ty\u00f6skentele kanssamme"},"content":{"rendered":"\t\t<div data-elementor-type=\"wp-page\" data-elementor-id=\"12578812\" class=\"elementor elementor-12578812 elementor-12578078\" data-elementor-post-type=\"page\">\n\t\t\t\t<div class=\"elementor-element elementor-element-5b53abd1 e-con-full e-flex e-con e-parent\" data-id=\"5b53abd1\" data-element_type=\"container\" data-e-type=\"container\" data-settings=\"{&quot;background_background&quot;:&quot;classic&quot;,&quot;shape_divider_bottom&quot;:&quot;mountains&quot;}\">\n\t\t\t\t<div class=\"elementor-shape elementor-shape-bottom\" aria-hidden=\"true\" data-negative=\"false\">\n\t\t\t<svg xmlns=\"http:\/\/www.w3.org\/2000\/svg\" viewBox=\"0 0 1000 100\" preserveAspectRatio=\"none\">\n\t<path class=\"elementor-shape-fill\" opacity=\"0.33\" d=\"M473,67.3c-203.9,88.3-263.1-34-320.3,0C66,119.1,0,59.7,0,59.7V0h1000v59.7 c0,0-62.1,26.1-94.9,29.3c-32.8,3.3-62.8-12.3-75.8-22.1C806,49.6,745.3,8.7,694.9,4.7S492.4,59,473,67.3z\"\/>\n\t<path class=\"elementor-shape-fill\" opacity=\"0.66\" d=\"M734,67.3c-45.5,0-77.2-23.2-129.1-39.1c-28.6-8.7-150.3-10.1-254,39.1 s-91.7-34.4-149.2,0C115.7,118.3,0,39.8,0,39.8V0h1000v36.5c0,0-28.2-18.5-92.1-18.5C810.2,18.1,775.7,67.3,734,67.3z\"\/>\n\t<path class=\"elementor-shape-fill\" d=\"M766.1,28.9c-200-57.5-266,65.5-395.1,19.5C242,1.8,242,5.4,184.8,20.6C128,35.8,132.3,44.9,89.9,52.5C28.6,63.7,0,0,0,0 h1000c0,0-9.9,40.9-83.6,48.1S829.6,47,766.1,28.9z\"\/>\n<\/svg>\t\t<\/div>\n\t\t<div class=\"elementor-element elementor-element-7b51853d e-con-full e-flex e-con e-child\" data-id=\"7b51853d\" data-element_type=\"container\" data-e-type=\"container\">\n\t\t\t\t<div class=\"elementor-element elementor-element-e7f0bf4 elementor-widget elementor-widget-heading\" data-id=\"e7f0bf4\" data-element_type=\"widget\" data-e-type=\"widget\" data-widget_type=\"heading.default\">\n\t\t\t\t<div class=\"elementor-widget-container\">\n\t\t\t\t\t<h1 class=\"elementor-heading-title elementor-size-default\">Avoimet ty\u00f6paikat<\/h1>\t\t\t\t<\/div>\n\t\t\t\t<\/div>\n\t\t\t\t<div class=\"elementor-element elementor-element-27134ad1 elementor-widget__width-initial elementor-widget elementor-widget-text-editor\" data-id=\"27134ad1\" data-element_type=\"widget\" data-e-type=\"widget\" data-widget_type=\"text-editor.default\">\n\t\t\t\t<div class=\"elementor-widget-container\">\n\t\t\t\t\t\t\t\t\t<p>Lyhyet p\u00e4\u00e4t\u00f6ksentekoreitit, avoin ilmapiiri, l\u00e4mmin ja inklusiivinen ty\u00f6kulttuuri sek\u00e4 edistyksellinen yritys &#8211; kuulostaako kiinnostavalta? Silloin sinun kannattaa hakeutua meille! T\u00e4ll\u00e4 sivulla julkaisemme avoimet ty\u00f6paikat jatkuvasti, mukaan lukien myynti- ja tuotantoalat. Jos et l\u00f6yd\u00e4 itsellesi sopivaa ty\u00f6paikkaa, olet aina tervetullut l\u00e4hett\u00e4m\u00e4\u00e4n meille spontaanin hakemuksen, joko lomakkeen tai s\u00e4hk\u00f6postin kautta. Tervetuloa joukkoomme!<\/p>\n\t\t\t\t\t\t\t\t<\/div>\n\t\t\t\t<\/div>\n\t\t\t\t<\/div>\n\t\t\t\t<\/div>\n\t\t<div class=\"elementor-element elementor-element-7122f15e e-con-full e-flex e-con e-parent\" data-id=\"7122f15e\" data-element_type=\"container\" data-e-type=\"container\">\n\t\t<div class=\"elementor-element elementor-element-97e2f11 e-flex e-con-boxed e-con e-child\" data-id=\"97e2f11\" data-element_type=\"container\" data-e-type=\"container\">\n\t\t\t\t\t<div class=\"e-con-inner\">\n\t\t<div class=\"elementor-element elementor-element-2d2e5d42 e-con-full e-flex e-con e-child\" data-id=\"2d2e5d42\" data-element_type=\"container\" data-e-type=\"container\">\n\t\t\t\t<div class=\"elementor-element elementor-element-6afc852e elementor-widget elementor-widget-heading\" data-id=\"6afc852e\" data-element_type=\"widget\" data-e-type=\"widget\" data-widget_type=\"heading.default\">\n\t\t\t\t<div class=\"elementor-widget-container\">\n\t\t\t\t\t<h2 class=\"elementor-heading-title elementor-size-default\">Avoimet ty\u00f6paikat<\/h2>\t\t\t\t<\/div>\n\t\t\t\t<\/div>\n\t\t<div class=\"elementor-element elementor-element-2e590031 e-con-full e-flex e-con e-child\" data-id=\"2e590031\" data-element_type=\"container\" data-e-type=\"container\">\n\t\t\t\t<div class=\"elementor-element elementor-element-faa1aa0 elementor-grid-1 elementor-widget__width-inherit elementor-widget-tablet__width-initial elementor-grid-tablet-2 elementor-grid-mobile-1 elementor-widget elementor-widget-loop-grid\" data-id=\"faa1aa0\" data-element_type=\"widget\" data-e-type=\"widget\" id=\"job-list\" data-settings=\"{&quot;template_id&quot;:12364415,&quot;columns&quot;:1,&quot;_skin&quot;:&quot;post&quot;,&quot;columns_tablet&quot;:&quot;2&quot;,&quot;columns_mobile&quot;:&quot;1&quot;,&quot;edit_handle_selector&quot;:&quot;[data-elementor-type=\\&quot;loop-item\\&quot;]&quot;,&quot;row_gap&quot;:{&quot;unit&quot;:&quot;px&quot;,&quot;size&quot;:&quot;&quot;,&quot;sizes&quot;:[]},&quot;row_gap_tablet&quot;:{&quot;unit&quot;:&quot;px&quot;,&quot;size&quot;:&quot;&quot;,&quot;sizes&quot;:[]},&quot;row_gap_mobile&quot;:{&quot;unit&quot;:&quot;px&quot;,&quot;size&quot;:&quot;&quot;,&quot;sizes&quot;:[]}}\" data-widget_type=\"loop-grid.post\">\n\t\t\t\t<div class=\"elementor-widget-container\">\n\t\t\t\t\t\t\t<div class=\"e-loop-nothing-found-message\">\n\t\t<\/div>\n\t\t\t\t\t\t<\/div>\n\t\t\t\t<\/div>\n\t\t\t\t<\/div>\n\t\t<div class=\"elementor-element elementor-element-581f96ce e-con-full dc-has-condition dc-condition-not_empty e-flex e-con e-child\" data-id=\"581f96ce\" data-element_type=\"container\" data-e-type=\"container\">\n\t\t\t\t<div class=\"elementor-element elementor-element-1da83e2a elementor-widget__width-initial elementor-widget elementor-widget-text-editor\" data-id=\"1da83e2a\" data-element_type=\"widget\" data-e-type=\"widget\" data-widget_type=\"text-editor.default\">\n\t\t\t\t<div class=\"elementor-widget-container\">\n\t\t\t\t\t\t\t\t\t<p>Heti ei ole avoimia ty\u00f6paikkoja meill\u00e4, mutta voit aina l\u00e4hett\u00e4\u00e4 meille avoimen hakemuksen! Olet my\u00f6s tervetullut seuraamaan meit\u00e4 sosiaalisessa mediassa pysy\u00e4ksesi ajan tasalla Hot Screenin tapahtumista.<\/p>\n\t\t\t\t\t\t\t\t<\/div>\n\t\t\t\t<\/div>\n\t\t\t\t<div class=\"elementor-element elementor-element-6539c441 elementor-icon-list--layout-inline elementor-list-item-link-full_width elementor-widget elementor-widget-icon-list\" data-id=\"6539c441\" data-element_type=\"widget\" data-e-type=\"widget\" data-widget_type=\"icon-list.default\">\n\t\t\t\t<div class=\"elementor-widget-container\">\n\t\t\t\t\t\t\t<ul class=\"elementor-icon-list-items elementor-inline-items\">\n\t\t\t\t\t\t\t<li class=\"elementor-icon-list-item elementor-inline-item\">\n\t\t\t\t\t\t\t\t\t\t\t<a href=\"https:\/\/www.facebook.com\/hotscreenab\/\">\n\n\t\t\t\t\t\t\t\t\t\t\t\t<span class=\"elementor-icon-list-icon\">\n\t\t\t\t\t\t\t<i aria-hidden=\"true\" class=\"fab fa-facebook-square\"><\/i>\t\t\t\t\t\t<\/span>\n\t\t\t\t\t\t\t\t\t\t<span class=\"elementor-icon-list-text\"><\/span>\n\t\t\t\t\t\t\t\t\t\t\t<\/a>\n\t\t\t\t\t\t\t\t\t<\/li>\n\t\t\t\t\t\t\t\t<li class=\"elementor-icon-list-item elementor-inline-item\">\n\t\t\t\t\t\t\t\t\t\t\t<a href=\"https:\/\/se.linkedin.com\/company\/hot-screen\">\n\n\t\t\t\t\t\t\t\t\t\t\t\t<span class=\"elementor-icon-list-icon\">\n\t\t\t\t\t\t\t<i aria-hidden=\"true\" class=\"fab fa-linkedin\"><\/i>\t\t\t\t\t\t<\/span>\n\t\t\t\t\t\t\t\t\t\t<span class=\"elementor-icon-list-text\"><\/span>\n\t\t\t\t\t\t\t\t\t\t\t<\/a>\n\t\t\t\t\t\t\t\t\t<\/li>\n\t\t\t\t\t\t\t\t<li class=\"elementor-icon-list-item elementor-inline-item\">\n\t\t\t\t\t\t\t\t\t\t\t<a href=\"https:\/\/www.instagram.com\/hotscreenoy\/\">\n\n\t\t\t\t\t\t\t\t\t\t\t\t<span class=\"elementor-icon-list-icon\">\n\t\t\t\t\t\t\t<i aria-hidden=\"true\" class=\"fab fa-instagram\"><\/i>\t\t\t\t\t\t<\/span>\n\t\t\t\t\t\t\t\t\t\t<span class=\"elementor-icon-list-text\"><\/span>\n\t\t\t\t\t\t\t\t\t\t\t<\/a>\n\t\t\t\t\t\t\t\t\t<\/li>\n\t\t\t\t\t\t\t\t<li class=\"elementor-icon-list-item elementor-inline-item\">\n\t\t\t\t\t\t\t\t\t\t\t<a href=\"https:\/\/youtu.be\/9zBSGSG6XdY?si=4bbeF--Eb9Dnf3Vp\">\n\n\t\t\t\t\t\t\t\t\t\t\t\t<span class=\"elementor-icon-list-icon\">\n\t\t\t\t\t\t\t<i aria-hidden=\"true\" class=\"fab fa-youtube\"><\/i>\t\t\t\t\t\t<\/span>\n\t\t\t\t\t\t\t\t\t\t<span class=\"elementor-icon-list-text\"><\/span>\n\t\t\t\t\t\t\t\t\t\t\t<\/a>\n\t\t\t\t\t\t\t\t\t<\/li>\n\t\t\t\t\t\t<\/ul>\n\t\t\t\t\t\t<\/div>\n\t\t\t\t<\/div>\n\t\t\t\t<\/div>\n\t\t\t\t<\/div>\n\t\t<div class=\"elementor-element elementor-element-5adc7302 e-con-full e-flex e-con e-child\" data-id=\"5adc7302\" data-element_type=\"container\" data-e-type=\"container\">\n\t\t\t\t<div class=\"elementor-element elementor-element-7b277e08 elementor-widget elementor-widget-heading\" data-id=\"7b277e08\" data-element_type=\"widget\" data-e-type=\"widget\" data-widget_type=\"heading.default\">\n\t\t\t\t<div class=\"elementor-widget-container\">\n\t\t\t\t\t<h2 class=\"elementor-heading-title elementor-size-default\">Avoimen hakemuksen<\/h2>\t\t\t\t<\/div>\n\t\t\t\t<\/div>\n\t\t<div class=\"elementor-element elementor-element-50f0670a e-con-full e-flex e-con e-child\" data-id=\"50f0670a\" data-element_type=\"container\" data-e-type=\"container\" data-settings=\"{&quot;background_background&quot;:&quot;classic&quot;}\">\n\t\t<div class=\"elementor-element elementor-element-6679d520 e-flex e-con-boxed e-con e-child\" data-id=\"6679d520\" data-element_type=\"container\" data-e-type=\"container\">\n\t\t\t\t\t<div class=\"e-con-inner\">\n\t\t\t\t<div class=\"elementor-element elementor-element-33e89013 elementor-widget elementor-widget-heading\" data-id=\"33e89013\" data-element_type=\"widget\" data-e-type=\"widget\" data-widget_type=\"heading.default\">\n\t\t\t\t<div class=\"elementor-widget-container\">\n\t\t\t\t\t<h4 class=\"elementor-heading-title elementor-size-default\">Kuka olet?<\/h4>\t\t\t\t<\/div>\n\t\t\t\t<\/div>\n\t\t\t\t<div class=\"elementor-element elementor-element-14cb319c dc-has-condition dc-condition-not_empty elementor-button-align-stretch elementor-widget elementor-widget-form\" data-id=\"14cb319c\" data-element_type=\"widget\" data-e-type=\"widget\" data-settings=\"{&quot;step_next_label&quot;:&quot;N\\u00e4sta&quot;,&quot;step_previous_label&quot;:&quot;F\\u00f6reg\\u00e5ende&quot;,&quot;button_width&quot;:&quot;100&quot;,&quot;step_type&quot;:&quot;number_text&quot;,&quot;step_icon_shape&quot;:&quot;circle&quot;}\" data-widget_type=\"form.default\">\n\t\t\t\t<div class=\"elementor-widget-container\">\n\t\t\t\t\t\t\t<form class=\"elementor-form\" method=\"post\" name=\"Avoimen hakemuksen\" aria-label=\"Avoimen hakemuksen\" novalidate=\"\">\n\t\t\t<input type=\"hidden\" name=\"post_id\" value=\"12578812\"\/>\n\t\t\t<input type=\"hidden\" name=\"form_id\" value=\"14cb319c\"\/>\n\t\t\t<input type=\"hidden\" name=\"referer_title\" value=\"Ty\u00f6skentele kanssamme - Hot Screen\" \/>\n\n\t\t\t\t\t\t\t<input type=\"hidden\" name=\"queried_id\" value=\"12578812\"\/>\n\t\t\t\n\t\t\t<div class=\"elementor-form-fields-wrapper elementor-labels-above\">\n\t\t\t\t\t\t\t\t<div class=\"elementor-field-type-text elementor-field-group elementor-column elementor-field-group-name elementor-col-100 elementor-field-required elementor-mark-required\">\n\t\t\t\t\t\t\t\t\t\t\t\t\t<input size=\"1\" type=\"text\" name=\"form_fields[name]\" id=\"form-field-name\" class=\"elementor-field elementor-size-md  elementor-field-textual\" placeholder=\"Nimi\" required=\"required\">\n\t\t\t\t\t\t\t\t\t\t\t<\/div>\n\t\t\t\t\t\t\t\t<div class=\"elementor-field-type-tel elementor-field-group elementor-column elementor-field-group-telefon elementor-col-100 elementor-field-required elementor-mark-required\">\n\t\t\t\t\t\t\t<input size=\"1\" type=\"tel\" name=\"form_fields[telefon]\" id=\"form-field-telefon\" class=\"elementor-field elementor-size-md  elementor-field-textual\" placeholder=\"Puhelinnumero\" required=\"required\" pattern=\"[0-9()#&amp;+*-=.]+\" title=\"Only numbers and phone characters (#, -, *, etc) are accepted.\">\n\n\t\t\t\t\t\t<\/div>\n\t\t\t\t\t\t\t\t<div class=\"elementor-field-type-email elementor-field-group elementor-column elementor-field-group-email elementor-col-100 elementor-field-required elementor-mark-required\">\n\t\t\t\t\t\t\t\t\t\t\t\t\t<input size=\"1\" type=\"email\" name=\"form_fields[email]\" id=\"form-field-email\" class=\"elementor-field elementor-size-md  elementor-field-textual\" placeholder=\"S\u00e4hk\u00f6posti\" required=\"required\">\n\t\t\t\t\t\t\t\t\t\t\t<\/div>\n\t\t\t\t\t\t\t\t<div class=\"elementor-field-type-select elementor-field-group elementor-column elementor-field-group-avdelning elementor-col-100\">\n\t\t\t\t\t\t\t<div class=\"elementor-field elementor-select-wrapper remove-before \">\n\t\t\t<div class=\"select-caret-down-wrapper\">\n\t\t\t\t<i aria-hidden=\"true\" class=\"eicon-caret-down\"><\/i>\t\t\t<\/div>\n\t\t\t<select name=\"form_fields[avdelning]\" id=\"form-field-avdelning\" class=\"elementor-field-textual elementor-size-md\">\n\t\t\t\t\t\t\t\t\t<option value=\"Printing\">Printing<\/option>\n\t\t\t\t\t\t\t\t\t<option value=\"Post-press\">Post-press<\/option>\n\t\t\t\t\t\t\t\t\t<option value=\"Digital Prepress\">Digital Prepress<\/option>\n\t\t\t\t\t\t\t\t\t<option value=\"Prepress\">Prepress<\/option>\n\t\t\t\t\t\t\t\t\t<option value=\"Sales Support\">Sales Support<\/option>\n\t\t\t\t\t\t\t\t\t<option value=\"Sales\">Sales<\/option>\n\t\t\t\t\t\t\t\t\t<option value=\"Marketing\">Marketing<\/option>\n\t\t\t\t\t\t\t\t\t<option value=\"Finance\">Finance<\/option>\n\t\t\t\t\t\t\t\t\t<option value=\"Administration\">Administration<\/option>\n\t\t\t\t\t\t\t\t\t<option value=\"Other\">Other<\/option>\n\t\t\t\t\t\t\t<\/select>\n\t\t<\/div>\n\t\t\t\t\t\t<\/div>\n\t\t\t\t\t\t\t\t<div class=\"elementor-field-type-upload elementor-field-group elementor-column elementor-field-group-resume elementor-col-100 elementor-field-required elementor-mark-required\">\n\t\t\t\t\t\t\t\t\t\t\t\t<label for=\"form-field-resume\" class=\"elementor-field-label\">\n\t\t\t\t\t\t\t\tCV\t\t\t\t\t\t\t<\/label>\n\t\t\t\t\t\t\t\t<input type=\"file\" name=\"form_fields[resume]\" id=\"form-field-resume\" class=\"elementor-field elementor-size-md  elementor-upload-field\" required=\"required\" data-maxsize=\"10\" data-maxsize-message=\"This file exceeds the maximum allowed size.\">\n\n\t\t\t\t\t\t<\/div>\n\t\t\t\t\t\t\t\t<div class=\"elementor-field-type-upload elementor-field-group elementor-column elementor-field-group-personligtbrev elementor-col-100 elementor-field-required elementor-mark-required\">\n\t\t\t\t\t\t\t\t\t\t\t\t<label for=\"form-field-personligtbrev\" class=\"elementor-field-label\">\n\t\t\t\t\t\t\t\tMotivaatiokirje\t\t\t\t\t\t\t<\/label>\n\t\t\t\t\t\t\t\t<input type=\"file\" name=\"form_fields[personligtbrev]\" id=\"form-field-personligtbrev\" class=\"elementor-field elementor-size-md  elementor-upload-field\" required=\"required\" data-maxsize=\"10\" data-maxsize-message=\"This file exceeds the maximum allowed size.\">\n\n\t\t\t\t\t\t<\/div>\n\t\t\t\t\t\t\t\t<div class=\"elementor-field-type-upload elementor-field-group elementor-column elementor-field-group-extradoc elementor-col-100\">\n\t\t\t\t\t\t\t\t\t\t\t\t<label for=\"form-field-extradoc\" class=\"elementor-field-label\">\n\t\t\t\t\t\t\t\tLis\u00e4dokumentti\t\t\t\t\t\t\t<\/label>\n\t\t\t\t\t\t\t\t<input type=\"file\" name=\"form_fields[extradoc][]\" id=\"form-field-extradoc\" class=\"elementor-field elementor-size-md  elementor-upload-field\" multiple=\"multiple\" data-maxsize=\"10\" data-maxsize-message=\"This file exceeds the maximum allowed size.\">\n\n\t\t\t\t\t\t<\/div>\n\t\t\t\t\t\t\t\t<div class=\"elementor-field-type-recaptcha elementor-field-group elementor-column elementor-field-group-robotcheck elementor-col-100\">\n\t\t\t\t\t<div class=\"elementor-field\" id=\"form-field-robotcheck\"><div class=\"elementor-g-recaptcha\" data-sitekey=\"6LcnHyYkAAAAAMXt9xIgSTyZUNoWqWWh3HYDAykg\" data-type=\"v2_checkbox\" data-theme=\"light\" data-size=\"normal\"><\/div><\/div>\t\t\t\t<\/div>\n\t\t\t\t\t\t\t\t<div class=\"elementor-field-group elementor-column elementor-field-type-submit elementor-col-100 e-form__buttons\">\n\t\t\t\t\t<button class=\"elementor-button elementor-size-sm\" type=\"submit\">\n\t\t\t\t\t\t<span class=\"elementor-button-content-wrapper\">\n\t\t\t\t\t\t\t\t\t\t\t\t\t\t\t\t\t\t\t\t\t\t<span class=\"elementor-button-text\">L\u00e4het\u00e4<\/span>\n\t\t\t\t\t\t\t\t\t\t\t\t\t<\/span>\n\t\t\t\t\t<\/button>\n\t\t\t\t<\/div>\n\t\t\t<\/div>\n\t\t<\/form>\n\t\t\t\t\t\t<\/div>\n\t\t\t\t<\/div>\n\t\t\t\t\t<\/div>\n\t\t\t\t<\/div>\n\t\t\t\t<\/div>\n\t\t\t\t<\/div>\n\t\t\t\t\t<\/div>\n\t\t\t\t<\/div>\n\t\t\t\t<\/div>\n\t\t\t\t<\/div>\n\t\t","protected":false},"excerpt":{"rendered":"<p>Avoimet ty\u00f6paikat Lyhyet p\u00e4\u00e4t\u00f6ksentekoreitit, avoin ilmapiiri, l\u00e4mmin ja inklusiivinen ty\u00f6kulttuuri sek\u00e4 edistyksellinen yritys &#8211; kuulostaako kiinnostavalta? Silloin sinun kannattaa hakeutua meille! T\u00e4ll\u00e4 sivulla julkaisemme avoimet ty\u00f6paikat jatkuvasti, mukaan lukien myynti- ja tuotantoalat. Jos et l\u00f6yd\u00e4 itsellesi sopivaa ty\u00f6paikkaa, olet aina tervetullut l\u00e4hett\u00e4m\u00e4\u00e4n meille spontaanin hakemuksen, joko lomakkeen tai s\u00e4hk\u00f6postin kautta. Tervetuloa joukkoomme! Avoimet ty\u00f6paikat Heti<\/p>\n","protected":false},"author":1,"featured_media":0,"parent":0,"menu_order":0,"comment_status":"closed","ping_status":"closed","template":"elementor_header_footer","meta":{"_acf_changed":false,"_relevanssi_hide_post":"","_relevanssi_hide_content":"","_relevanssi_pin_for_all":"","_relevanssi_pin_keywords":"","_relevanssi_unpin_keywords":"","_relevanssi_related_keywords":"","_relevanssi_related_include_ids":"","_relevanssi_related_exclude_ids":"","_relevanssi_related_no_append":"","_relevanssi_related_not_related":"","_relevanssi_related_posts":"","_relevanssi_noindex_reason":"","footnotes":""},"class_list":["post-12578812","page","type-page","status-publish","hentry"],"acf":[],"yoast_head":"<!-- This site is optimized with the Yoast SEO plugin v17.1 - https:\/\/yoast.com\/wordpress\/plugins\/seo\/ -->\n<title>Ty\u00f6skentele kanssamme - Hot Screen<\/title>\n<meta name=\"robots\" content=\"index, follow, max-snippet:-1, max-image-preview:large, max-video-preview:-1\" \/>\n<link rel=\"canonical\" href=\"https:\/\/old.hotscreen.se\/fi\/tyoskentele-kanssamme\/\" \/>\n<meta property=\"og:locale\" content=\"fi_FI\" \/>\n<meta property=\"og:type\" content=\"article\" \/>\n<meta property=\"og:title\" content=\"Ty\u00f6skentele kanssamme - Hot Screen\" \/>\n<meta property=\"og:description\" content=\"Avoimet ty\u00f6paikat Lyhyet p\u00e4\u00e4t\u00f6ksentekoreitit, avoin ilmapiiri, l\u00e4mmin ja inklusiivinen ty\u00f6kulttuuri sek\u00e4 edistyksellinen yritys &#8211; kuulostaako kiinnostavalta? Silloin sinun kannattaa hakeutua meille! T\u00e4ll\u00e4 sivulla julkaisemme avoimet ty\u00f6paikat jatkuvasti, mukaan lukien myynti- ja tuotantoalat. Jos et l\u00f6yd\u00e4 itsellesi sopivaa ty\u00f6paikkaa, olet aina tervetullut l\u00e4hett\u00e4m\u00e4\u00e4n meille spontaanin hakemuksen, joko lomakkeen tai s\u00e4hk\u00f6postin kautta. Tervetuloa joukkoomme! Avoimet ty\u00f6paikat Heti\" \/>\n<meta property=\"og:url\" content=\"https:\/\/old.hotscreen.se\/fi\/tyoskentele-kanssamme\/\" \/>\n<meta property=\"og:site_name\" content=\"Hot Screen\" \/>\n<meta property=\"article:modified_time\" content=\"2023-11-01T09:46:11+00:00\" \/>\n<meta name=\"twitter:card\" content=\"summary_large_image\" \/>\n<script type=\"application\/ld+json\" class=\"yoast-schema-graph\">{\"@context\":\"https:\/\/schema.org\",\"@graph\":[{\"@type\":\"WebSite\",\"@id\":\"https:\/\/www.hotscreen.se\/#website\",\"url\":\"https:\/\/www.hotscreen.se\/\",\"name\":\"Hot Screen\",\"description\":\"\",\"potentialAction\":[{\"@type\":\"SearchAction\",\"target\":{\"@type\":\"EntryPoint\",\"urlTemplate\":\"https:\/\/www.hotscreen.se\/?s={search_term_string}\"},\"query-input\":\"required name=search_term_string\"}],\"inLanguage\":\"fi\"},{\"@type\":\"WebPage\",\"@id\":\"https:\/\/old.hotscreen.se\/fi\/tyoskentele-kanssamme\/#webpage\",\"url\":\"https:\/\/old.hotscreen.se\/fi\/tyoskentele-kanssamme\/\",\"name\":\"Ty\\u00f6skentele kanssamme - Hot Screen\",\"isPartOf\":{\"@id\":\"https:\/\/www.hotscreen.se\/#website\"},\"datePublished\":\"2023-11-01T08:56:20+00:00\",\"dateModified\":\"2023-11-01T09:46:11+00:00\",\"breadcrumb\":{\"@id\":\"https:\/\/old.hotscreen.se\/fi\/tyoskentele-kanssamme\/#breadcrumb\"},\"inLanguage\":\"fi\",\"potentialAction\":[{\"@type\":\"ReadAction\",\"target\":[\"https:\/\/old.hotscreen.se\/fi\/tyoskentele-kanssamme\/\"]}]},{\"@type\":\"BreadcrumbList\",\"@id\":\"https:\/\/old.hotscreen.se\/fi\/tyoskentele-kanssamme\/#breadcrumb\",\"itemListElement\":[{\"@type\":\"ListItem\",\"position\":1,\"name\":\"Home\",\"item\":\"https:\/\/www.hotscreen.se\/\"},{\"@type\":\"ListItem\",\"position\":2,\"name\":\"Ty\\u00f6skentele kanssamme\"}]}]}<\/script>\n<!-- \/ Yoast SEO plugin. -->","yoast_head_json":{"title":"Ty\u00f6skentele kanssamme - Hot Screen","robots":{"index":"index","follow":"follow","max-snippet":"max-snippet:-1","max-image-preview":"max-image-preview:large","max-video-preview":"max-video-preview:-1"},"canonical":"https:\/\/old.hotscreen.se\/fi\/tyoskentele-kanssamme\/","og_locale":"fi_FI","og_type":"article","og_title":"Ty\u00f6skentele kanssamme - Hot Screen","og_description":"Avoimet ty\u00f6paikat Lyhyet p\u00e4\u00e4t\u00f6ksentekoreitit, avoin ilmapiiri, l\u00e4mmin ja inklusiivinen ty\u00f6kulttuuri sek\u00e4 edistyksellinen yritys &#8211; kuulostaako kiinnostavalta? Silloin sinun kannattaa hakeutua meille! T\u00e4ll\u00e4 sivulla julkaisemme avoimet ty\u00f6paikat jatkuvasti, mukaan lukien myynti- ja tuotantoalat. Jos et l\u00f6yd\u00e4 itsellesi sopivaa ty\u00f6paikkaa, olet aina tervetullut l\u00e4hett\u00e4m\u00e4\u00e4n meille spontaanin hakemuksen, joko lomakkeen tai s\u00e4hk\u00f6postin kautta. Tervetuloa joukkoomme! Avoimet ty\u00f6paikat Heti","og_url":"https:\/\/old.hotscreen.se\/fi\/tyoskentele-kanssamme\/","og_site_name":"Hot Screen","article_modified_time":"2023-11-01T09:46:11+00:00","twitter_card":"summary_large_image","schema":{"@context":"https:\/\/schema.org","@graph":[{"@type":"WebSite","@id":"https:\/\/www.hotscreen.se\/#website","url":"https:\/\/www.hotscreen.se\/","name":"Hot Screen","description":"","potentialAction":[{"@type":"SearchAction","target":{"@type":"EntryPoint","urlTemplate":"https:\/\/www.hotscreen.se\/?s={search_term_string}"},"query-input":"required name=search_term_string"}],"inLanguage":"fi"},{"@type":"WebPage","@id":"https:\/\/old.hotscreen.se\/fi\/tyoskentele-kanssamme\/#webpage","url":"https:\/\/old.hotscreen.se\/fi\/tyoskentele-kanssamme\/","name":"Ty\u00f6skentele kanssamme - Hot Screen","isPartOf":{"@id":"https:\/\/www.hotscreen.se\/#website"},"datePublished":"2023-11-01T08:56:20+00:00","dateModified":"2023-11-01T09:46:11+00:00","breadcrumb":{"@id":"https:\/\/old.hotscreen.se\/fi\/tyoskentele-kanssamme\/#breadcrumb"},"inLanguage":"fi","potentialAction":[{"@type":"ReadAction","target":["https:\/\/old.hotscreen.se\/fi\/tyoskentele-kanssamme\/"]}]},{"@type":"BreadcrumbList","@id":"https:\/\/old.hotscreen.se\/fi\/tyoskentele-kanssamme\/#breadcrumb","itemListElement":[{"@type":"ListItem","position":1,"name":"Home","item":"https:\/\/www.hotscreen.se\/"},{"@type":"ListItem","position":2,"name":"Ty\u00f6skentele kanssamme"}]}]}},"_links":{"self":[{"href":"https:\/\/old.hotscreen.se\/fi\/wp-json\/wp\/v2\/pages\/12578812","targetHints":{"allow":["GET"]}}],"collection":[{"href":"https:\/\/old.hotscreen.se\/fi\/wp-json\/wp\/v2\/pages"}],"about":[{"href":"https:\/\/old.hotscreen.se\/fi\/wp-json\/wp\/v2\/types\/page"}],"author":[{"embeddable":true,"href":"https:\/\/old.hotscreen.se\/fi\/wp-json\/wp\/v2\/users\/1"}],"replies":[{"embeddable":true,"href":"https:\/\/old.hotscreen.se\/fi\/wp-json\/wp\/v2\/comments?post=12578812"}],"version-history":[{"count":6,"href":"https:\/\/old.hotscreen.se\/fi\/wp-json\/wp\/v2\/pages\/12578812\/revisions"}],"predecessor-version":[{"id":12578917,"href":"https:\/\/old.hotscreen.se\/fi\/wp-json\/wp\/v2\/pages\/12578812\/revisions\/12578917"}],"wp:attachment":[{"href":"https:\/\/old.hotscreen.se\/fi\/wp-json\/wp\/v2\/media?parent=12578812"}],"curies":[{"name":"wp","href":"https:\/\/api.w.org\/{rel}","templated":true}]}}