{"id":513469,"date":"2017-03-27T09:59:09","date_gmt":"2017-03-27T07:59:09","guid":{"rendered":"http:\/\/www.hotscreen.se\/de\/?page_id=513469"},"modified":"2025-11-10T10:54:05","modified_gmt":"2025-11-10T09:54:05","slug":"bestellung","status":"publish","type":"page","link":"https:\/\/old.hotscreen.se\/de\/support\/bestellung\/","title":{"rendered":"Bestellung"},"content":{"rendered":"<div class=\"row\">\n<div class=\"col-sm-12\">\n<div class=\"white-box shadow list\">\n<h1>Warum Hot Screen?<\/h1>\n<p>Schnelle Lieferungen und direkte Kommunikation sind die Schl\u00fcsselworte im Dialog mit unseren Kunden. \u00a0Mit unserenThermotransferdrucken besteht keine Gefahr, dass Sie eine falsche Entscheidung treffen. Wir sind uns bewusst, dass keine Gesamtl\u00f6sung st\u00e4rker als ihr schw\u00e4chstes Glied ist. Wir wollen sicherstellen, dass Ihre Bestellungen und unsere Produktion so reibungslos wie m\u00f6glich ablaufen. Sie werden deshalb pers\u00f6nlich von einem unserer Kundendienstberater kontaktiert, sobald Sie Ihre Bestellung aufgeben. Jede notwendige Information wird in engster Absprache mit unseren Kunden weitergeleitet, damit wir Ihre Thermotransferdrucke schnell und mit h\u00f6chster Qualit\u00e4t liefern k\u00f6nnen.<\/p>\n<p>Unser Ziel ist es, alle Anfragen innerhalb von 24 Stunden zu bearbeiten. Unsere Produktionszeit betr\u00e4gt in der Regel maximal 4 Werktage ab Freigabe der Druckvorlage; wenn Sie das fertige Original bereitstellen, k\u00f6nnen wir den Versand <strong>am Tag nach Ihrer Bestellung<\/strong>\u00a0anbieten! (siehe unten)<\/p>\n<p>Die zus\u00e4tzliche Transportzeit h\u00e4ngt vom Ziel der Lieferung ab. Wir nutzen PostNord, UPS und Schenker f\u00fcr unsere Lieferungen.<\/p>\n<\/div>\n<\/div>\n<\/div>\n","protected":false},"excerpt":{"rendered":"<p>Warum Hot Screen? Schnelle Lieferungen und direkte Kommunikation sind die Schl\u00fcsselworte im Dialog mit unseren Kunden. \u00a0Mit unserenThermotransferdrucken besteht keine Gefahr, dass Sie eine falsche Entscheidung treffen. Wir sind uns bewusst, dass keine Gesamtl\u00f6sung st\u00e4rker als ihr schw\u00e4chstes Glied ist. Wir wollen sicherstellen, dass Ihre Bestellungen und unsere Produktion so reibungslos wie m\u00f6glich ablaufen. Sie<\/p>\n","protected":false},"author":1,"featured_media":513044,"parent":513462,"menu_order":0,"comment_status":"closed","ping_status":"closed","template":"inc\/support-bestall.php","meta":{"_acf_changed":false,"_relevanssi_hide_post":"","_relevanssi_hide_content":"","_relevanssi_pin_for_all":"","_relevanssi_pin_keywords":"","_relevanssi_unpin_keywords":"","_relevanssi_related_keywords":"","_relevanssi_related_include_ids":"","_relevanssi_related_exclude_ids":"","_relevanssi_related_no_append":"","_relevanssi_related_not_related":"","_relevanssi_related_posts":"","_relevanssi_noindex_reason":"","footnotes":""},"class_list":["post-513469","page","type-page","status-publish","has-post-thumbnail","hentry"],"acf":[],"yoast_head":"<!-- This site is optimized with the Yoast SEO plugin v17.1 - https:\/\/yoast.com\/wordpress\/plugins\/seo\/ -->\n<title>Bestellung - Hot Screen<\/title>\n<meta name=\"robots\" content=\"index, follow, max-snippet:-1, max-image-preview:large, max-video-preview:-1\" \/>\n<link rel=\"canonical\" href=\"https:\/\/old.hotscreen.se\/de\/support\/bestellung\/\" \/>\n<meta property=\"og:locale\" content=\"de_DE\" \/>\n<meta property=\"og:type\" content=\"article\" \/>\n<meta property=\"og:title\" content=\"Bestellung - Hot Screen\" \/>\n<meta property=\"og:description\" content=\"Warum Hot Screen? Schnelle Lieferungen und direkte Kommunikation sind die Schl\u00fcsselworte im Dialog mit unseren Kunden. \u00a0Mit unserenThermotransferdrucken besteht keine Gefahr, dass Sie eine falsche Entscheidung treffen. Wir sind uns bewusst, dass keine Gesamtl\u00f6sung st\u00e4rker als ihr schw\u00e4chstes Glied ist. Wir wollen sicherstellen, dass Ihre Bestellungen und unsere Produktion so reibungslos wie m\u00f6glich ablaufen. Sie\" \/>\n<meta property=\"og:url\" content=\"https:\/\/old.hotscreen.se\/de\/support\/bestellung\/\" \/>\n<meta property=\"og:site_name\" content=\"Hot Screen\" \/>\n<meta property=\"article:modified_time\" content=\"2025-11-10T09:54:05+00:00\" \/>\n<meta property=\"og:image\" content=\"https:\/\/www.hotscreen.se\/wp-content\/uploads\/2015\/10\/hur_bestaller1.jpg\" \/>\n\t<meta property=\"og:image:width\" content=\"1170\" \/>\n\t<meta property=\"og:image:height\" content=\"778\" \/>\n<meta name=\"twitter:card\" content=\"summary_large_image\" \/>\n<script type=\"application\/ld+json\" class=\"yoast-schema-graph\">{\"@context\":\"https:\/\/schema.org\",\"@graph\":[{\"@type\":\"WebSite\",\"@id\":\"https:\/\/www.hotscreen.se\/#website\",\"url\":\"https:\/\/www.hotscreen.se\/\",\"name\":\"Hot Screen\",\"description\":\"\",\"potentialAction\":[{\"@type\":\"SearchAction\",\"target\":{\"@type\":\"EntryPoint\",\"urlTemplate\":\"https:\/\/www.hotscreen.se\/?s={search_term_string}\"},\"query-input\":\"required name=search_term_string\"}],\"inLanguage\":\"de-DE\"},{\"@type\":\"ImageObject\",\"@id\":\"https:\/\/old.hotscreen.se\/de\/support\/bestellung\/#primaryimage\",\"inLanguage\":\"de-DE\",\"url\":\"https:\/\/old.hotscreen.se\/wp-content\/uploads\/2015\/10\/hur_bestaller1.jpg\",\"contentUrl\":\"https:\/\/old.hotscreen.se\/wp-content\/uploads\/2015\/10\/hur_bestaller1.jpg\",\"width\":1170,\"height\":778},{\"@type\":\"WebPage\",\"@id\":\"https:\/\/old.hotscreen.se\/de\/support\/bestellung\/#webpage\",\"url\":\"https:\/\/old.hotscreen.se\/de\/support\/bestellung\/\",\"name\":\"Bestellung - Hot Screen\",\"isPartOf\":{\"@id\":\"https:\/\/www.hotscreen.se\/#website\"},\"primaryImageOfPage\":{\"@id\":\"https:\/\/old.hotscreen.se\/de\/support\/bestellung\/#primaryimage\"},\"datePublished\":\"2017-03-27T07:59:09+00:00\",\"dateModified\":\"2025-11-10T09:54:05+00:00\",\"breadcrumb\":{\"@id\":\"https:\/\/old.hotscreen.se\/de\/support\/bestellung\/#breadcrumb\"},\"inLanguage\":\"de-DE\",\"potentialAction\":[{\"@type\":\"ReadAction\",\"target\":[\"https:\/\/old.hotscreen.se\/de\/support\/bestellung\/\"]}]},{\"@type\":\"BreadcrumbList\",\"@id\":\"https:\/\/old.hotscreen.se\/de\/support\/bestellung\/#breadcrumb\",\"itemListElement\":[{\"@type\":\"ListItem\",\"position\":1,\"name\":\"Home\",\"item\":\"https:\/\/www.hotscreen.se\/\"},{\"@type\":\"ListItem\",\"position\":2,\"name\":\"Support\",\"item\":\"https:\/\/www.hotscreen.se\/support\/\"},{\"@type\":\"ListItem\",\"position\":3,\"name\":\"Bestellung\"}]}]}<\/script>\n<!-- \/ Yoast SEO plugin. -->","yoast_head_json":{"title":"Bestellung - Hot Screen","robots":{"index":"index","follow":"follow","max-snippet":"max-snippet:-1","max-image-preview":"max-image-preview:large","max-video-preview":"max-video-preview:-1"},"canonical":"https:\/\/old.hotscreen.se\/de\/support\/bestellung\/","og_locale":"de_DE","og_type":"article","og_title":"Bestellung - Hot Screen","og_description":"Warum Hot Screen? Schnelle Lieferungen und direkte Kommunikation sind die Schl\u00fcsselworte im Dialog mit unseren Kunden. \u00a0Mit unserenThermotransferdrucken besteht keine Gefahr, dass Sie eine falsche Entscheidung treffen. Wir sind uns bewusst, dass keine Gesamtl\u00f6sung st\u00e4rker als ihr schw\u00e4chstes Glied ist. Wir wollen sicherstellen, dass Ihre Bestellungen und unsere Produktion so reibungslos wie m\u00f6glich ablaufen. Sie","og_url":"https:\/\/old.hotscreen.se\/de\/support\/bestellung\/","og_site_name":"Hot Screen","article_modified_time":"2025-11-10T09:54:05+00:00","og_image":[{"width":1170,"height":778,"url":"https:\/\/www.hotscreen.se\/wp-content\/uploads\/2015\/10\/hur_bestaller1.jpg","path":"\/var\/www\/hotscreen_wp\/wp-content\/uploads\/2015\/10\/hur_bestaller1.jpg","size":"full","id":513044,"alt":"","pixels":910260,"type":"image\/jpeg"}],"twitter_card":"summary_large_image","schema":{"@context":"https:\/\/schema.org","@graph":[{"@type":"WebSite","@id":"https:\/\/www.hotscreen.se\/#website","url":"https:\/\/www.hotscreen.se\/","name":"Hot Screen","description":"","potentialAction":[{"@type":"SearchAction","target":{"@type":"EntryPoint","urlTemplate":"https:\/\/www.hotscreen.se\/?s={search_term_string}"},"query-input":"required name=search_term_string"}],"inLanguage":"de-DE"},{"@type":"ImageObject","@id":"https:\/\/old.hotscreen.se\/de\/support\/bestellung\/#primaryimage","inLanguage":"de-DE","url":"https:\/\/old.hotscreen.se\/wp-content\/uploads\/2015\/10\/hur_bestaller1.jpg","contentUrl":"https:\/\/old.hotscreen.se\/wp-content\/uploads\/2015\/10\/hur_bestaller1.jpg","width":1170,"height":778},{"@type":"WebPage","@id":"https:\/\/old.hotscreen.se\/de\/support\/bestellung\/#webpage","url":"https:\/\/old.hotscreen.se\/de\/support\/bestellung\/","name":"Bestellung - Hot Screen","isPartOf":{"@id":"https:\/\/www.hotscreen.se\/#website"},"primaryImageOfPage":{"@id":"https:\/\/old.hotscreen.se\/de\/support\/bestellung\/#primaryimage"},"datePublished":"2017-03-27T07:59:09+00:00","dateModified":"2025-11-10T09:54:05+00:00","breadcrumb":{"@id":"https:\/\/old.hotscreen.se\/de\/support\/bestellung\/#breadcrumb"},"inLanguage":"de-DE","potentialAction":[{"@type":"ReadAction","target":["https:\/\/old.hotscreen.se\/de\/support\/bestellung\/"]}]},{"@type":"BreadcrumbList","@id":"https:\/\/old.hotscreen.se\/de\/support\/bestellung\/#breadcrumb","itemListElement":[{"@type":"ListItem","position":1,"name":"Home","item":"https:\/\/www.hotscreen.se\/"},{"@type":"ListItem","position":2,"name":"Support","item":"https:\/\/www.hotscreen.se\/support\/"},{"@type":"ListItem","position":3,"name":"Bestellung"}]}]}},"_links":{"self":[{"href":"https:\/\/old.hotscreen.se\/de\/wp-json\/wp\/v2\/pages\/513469","targetHints":{"allow":["GET"]}}],"collection":[{"href":"https:\/\/old.hotscreen.se\/de\/wp-json\/wp\/v2\/pages"}],"about":[{"href":"https:\/\/old.hotscreen.se\/de\/wp-json\/wp\/v2\/types\/page"}],"author":[{"embeddable":true,"href":"https:\/\/old.hotscreen.se\/de\/wp-json\/wp\/v2\/users\/1"}],"replies":[{"embeddable":true,"href":"https:\/\/old.hotscreen.se\/de\/wp-json\/wp\/v2\/comments?post=513469"}],"version-history":[{"count":5,"href":"https:\/\/old.hotscreen.se\/de\/wp-json\/wp\/v2\/pages\/513469\/revisions"}],"predecessor-version":[{"id":13456823,"href":"https:\/\/old.hotscreen.se\/de\/wp-json\/wp\/v2\/pages\/513469\/revisions\/13456823"}],"up":[{"embeddable":true,"href":"https:\/\/old.hotscreen.se\/de\/wp-json\/wp\/v2\/pages\/513462"}],"wp:featuredmedia":[{"embeddable":true,"href":"https:\/\/old.hotscreen.se\/de\/wp-json\/wp\/v2\/media\/513044"}],"wp:attachment":[{"href":"https:\/\/old.hotscreen.se\/de\/wp-json\/wp\/v2\/media?parent=513469"}],"curies":[{"name":"wp","href":"https:\/\/api.w.org\/{rel}","templated":true}]}}