{"id":513467,"date":"2017-03-27T10:01:43","date_gmt":"2017-03-27T08:01:43","guid":{"rendered":"http:\/\/www.hotscreen.se\/de\/?page_id=513467"},"modified":"2024-12-11T13:46:08","modified_gmt":"2024-12-11T12:46:08","slug":"dateien-herunterladen","status":"publish","type":"page","link":"https:\/\/old.hotscreen.se\/de\/support\/dateien-herunterladen\/","title":{"rendered":"Dateien herunterladen"},"content":{"rendered":"<h1>Download-dateien<\/h1>\n<p><a href=\"http:\/\/www.hotscreen.se\/wp-content\/uploads\/2015\/10\/cloud.png\" rel=\"lightbox[513467]\"><img fetchpriority=\"high\" decoding=\"async\" class=\"alignright size-medium wp-image-356\" src=\"http:\/\/www.hotscreen.se\/wp-content\/uploads\/2015\/10\/cloud-300x250.png\" alt=\"cloud\" width=\"300\" height=\"250\" srcset=\"https:\/\/old.hotscreen.se\/wp-content\/uploads\/2015\/10\/cloud-300x250.png 300w, https:\/\/old.hotscreen.se\/wp-content\/uploads\/2015\/10\/cloud-768x640.png 768w, https:\/\/old.hotscreen.se\/wp-content\/uploads\/2015\/10\/cloud-1024x853.png 1024w, https:\/\/old.hotscreen.se\/wp-content\/uploads\/2015\/10\/cloud-600x500.png 600w, https:\/\/old.hotscreen.se\/wp-content\/uploads\/2015\/10\/cloud.png 1170w\" sizes=\"(max-width: 300px) 100vw, 300px\" \/><\/a><\/p>\n<p>Hier k\u00f6nnen Sie PDF-Dateien mit den aktuellen Informationen zu unseren Produkten herunterladen. Um PDF-Dateien zu \u00f6ffnen, ben\u00f6tigen Sie einen PDF Reader.<\/p>\n<p>Wir haben die Dateien f\u00fcr Acrobat Reader optimiert. Sie k\u00f6nnen diesen \u00fcber <a href=\"http:\/\/www.adobe.se\" target=\"_blank\" rel=\"noopener\">www.adobe.com<\/a> herunterladen.<\/p>\n","protected":false},"excerpt":{"rendered":"<p>Download-dateien Hier k\u00f6nnen Sie PDF-Dateien mit den aktuellen Informationen zu unseren Produkten herunterladen. Um PDF-Dateien zu \u00f6ffnen, ben\u00f6tigen Sie einen PDF Reader. Wir haben die Dateien f\u00fcr Acrobat Reader optimiert. Sie k\u00f6nnen diesen \u00fcber www.adobe.com herunterladen.<\/p>\n","protected":false},"author":1,"featured_media":2458046,"parent":513462,"menu_order":2,"comment_status":"closed","ping_status":"closed","template":"inc\/support-hamta-filer.php","meta":{"_acf_changed":false,"_relevanssi_hide_post":"","_relevanssi_hide_content":"","_relevanssi_pin_for_all":"","_relevanssi_pin_keywords":"","_relevanssi_unpin_keywords":"","_relevanssi_related_keywords":"","_relevanssi_related_include_ids":"","_relevanssi_related_exclude_ids":"","_relevanssi_related_no_append":"","_relevanssi_related_not_related":"","_relevanssi_related_posts":"","_relevanssi_noindex_reason":"","footnotes":""},"class_list":["post-513467","page","type-page","status-publish","has-post-thumbnail","hentry"],"acf":[],"yoast_head":"<!-- This site is optimized with the Yoast SEO plugin v17.1 - https:\/\/yoast.com\/wordpress\/plugins\/seo\/ -->\n<title>Dateien herunterladen - Hot Screen<\/title>\n<meta name=\"description\" content=\"Hier k\u00f6nnen Sie PDF-Dateien mit aktuellen Informationen zu unseren W\u00e4rme\u00fcbertragungs-, Transferpressen, Zertifikaten und mehr herunterladen.\" \/>\n<meta name=\"robots\" content=\"index, follow, max-snippet:-1, max-image-preview:large, max-video-preview:-1\" \/>\n<link rel=\"canonical\" href=\"https:\/\/old.hotscreen.se\/de\/support\/dateien-herunterladen\/\" \/>\n<meta property=\"og:locale\" content=\"de_DE\" \/>\n<meta property=\"og:type\" content=\"article\" \/>\n<meta property=\"og:title\" content=\"Dateien herunterladen - Hot Screen\" \/>\n<meta property=\"og:description\" content=\"Hier k\u00f6nnen Sie PDF-Dateien mit aktuellen Informationen zu unseren W\u00e4rme\u00fcbertragungs-, Transferpressen, Zertifikaten und mehr herunterladen.\" \/>\n<meta property=\"og:url\" content=\"https:\/\/old.hotscreen.se\/de\/support\/dateien-herunterladen\/\" \/>\n<meta property=\"og:site_name\" content=\"Hot Screen\" \/>\n<meta property=\"article:modified_time\" content=\"2024-12-11T12:46:08+00:00\" \/>\n<meta property=\"og:image\" content=\"https:\/\/www.hotscreen.se\/wp-content\/uploads\/2015\/10\/support_laddahem_2019.jpg\" \/>\n\t<meta property=\"og:image:width\" content=\"350\" \/>\n\t<meta property=\"og:image:height\" content=\"233\" \/>\n<meta name=\"twitter:card\" content=\"summary_large_image\" \/>\n<script type=\"application\/ld+json\" class=\"yoast-schema-graph\">{\"@context\":\"https:\/\/schema.org\",\"@graph\":[{\"@type\":\"WebSite\",\"@id\":\"https:\/\/www.hotscreen.se\/#website\",\"url\":\"https:\/\/www.hotscreen.se\/\",\"name\":\"Hot Screen\",\"description\":\"\",\"potentialAction\":[{\"@type\":\"SearchAction\",\"target\":{\"@type\":\"EntryPoint\",\"urlTemplate\":\"https:\/\/www.hotscreen.se\/?s={search_term_string}\"},\"query-input\":\"required name=search_term_string\"}],\"inLanguage\":\"de-DE\"},{\"@type\":\"ImageObject\",\"@id\":\"https:\/\/old.hotscreen.se\/de\/support\/dateien-herunterladen\/#primaryimage\",\"inLanguage\":\"de-DE\",\"url\":\"https:\/\/old.hotscreen.se\/wp-content\/uploads\/2015\/10\/support_laddahem_2019.jpg\",\"contentUrl\":\"https:\/\/old.hotscreen.se\/wp-content\/uploads\/2015\/10\/support_laddahem_2019.jpg\",\"width\":350,\"height\":233},{\"@type\":\"WebPage\",\"@id\":\"https:\/\/old.hotscreen.se\/de\/support\/dateien-herunterladen\/#webpage\",\"url\":\"https:\/\/old.hotscreen.se\/de\/support\/dateien-herunterladen\/\",\"name\":\"Dateien herunterladen - Hot Screen\",\"isPartOf\":{\"@id\":\"https:\/\/www.hotscreen.se\/#website\"},\"primaryImageOfPage\":{\"@id\":\"https:\/\/old.hotscreen.se\/de\/support\/dateien-herunterladen\/#primaryimage\"},\"datePublished\":\"2017-03-27T08:01:43+00:00\",\"dateModified\":\"2024-12-11T12:46:08+00:00\",\"description\":\"Hier k\\u00f6nnen Sie PDF-Dateien mit aktuellen Informationen zu unseren W\\u00e4rme\\u00fcbertragungs-, Transferpressen, Zertifikaten und mehr herunterladen.\",\"breadcrumb\":{\"@id\":\"https:\/\/old.hotscreen.se\/de\/support\/dateien-herunterladen\/#breadcrumb\"},\"inLanguage\":\"de-DE\",\"potentialAction\":[{\"@type\":\"ReadAction\",\"target\":[\"https:\/\/old.hotscreen.se\/de\/support\/dateien-herunterladen\/\"]}]},{\"@type\":\"BreadcrumbList\",\"@id\":\"https:\/\/old.hotscreen.se\/de\/support\/dateien-herunterladen\/#breadcrumb\",\"itemListElement\":[{\"@type\":\"ListItem\",\"position\":1,\"name\":\"Home\",\"item\":\"https:\/\/www.hotscreen.se\/\"},{\"@type\":\"ListItem\",\"position\":2,\"name\":\"Support\",\"item\":\"https:\/\/www.hotscreen.se\/support\/\"},{\"@type\":\"ListItem\",\"position\":3,\"name\":\"Dateien herunterladen\"}]}]}<\/script>\n<!-- \/ Yoast SEO plugin. -->","yoast_head_json":{"title":"Dateien herunterladen - Hot Screen","description":"Hier k\u00f6nnen Sie PDF-Dateien mit aktuellen Informationen zu unseren W\u00e4rme\u00fcbertragungs-, Transferpressen, Zertifikaten und mehr herunterladen.","robots":{"index":"index","follow":"follow","max-snippet":"max-snippet:-1","max-image-preview":"max-image-preview:large","max-video-preview":"max-video-preview:-1"},"canonical":"https:\/\/old.hotscreen.se\/de\/support\/dateien-herunterladen\/","og_locale":"de_DE","og_type":"article","og_title":"Dateien herunterladen - Hot Screen","og_description":"Hier k\u00f6nnen Sie PDF-Dateien mit aktuellen Informationen zu unseren W\u00e4rme\u00fcbertragungs-, Transferpressen, Zertifikaten und mehr herunterladen.","og_url":"https:\/\/old.hotscreen.se\/de\/support\/dateien-herunterladen\/","og_site_name":"Hot Screen","article_modified_time":"2024-12-11T12:46:08+00:00","og_image":[{"width":350,"height":233,"url":"https:\/\/www.hotscreen.se\/wp-content\/uploads\/2015\/10\/support_laddahem_2019.jpg","path":"\/var\/www\/hotscreen_wp\/wp-content\/uploads\/2015\/10\/support_laddahem_2019.jpg","size":"full","id":2458046,"alt":"","pixels":81550,"type":"image\/jpeg"}],"twitter_card":"summary_large_image","schema":{"@context":"https:\/\/schema.org","@graph":[{"@type":"WebSite","@id":"https:\/\/www.hotscreen.se\/#website","url":"https:\/\/www.hotscreen.se\/","name":"Hot Screen","description":"","potentialAction":[{"@type":"SearchAction","target":{"@type":"EntryPoint","urlTemplate":"https:\/\/www.hotscreen.se\/?s={search_term_string}"},"query-input":"required name=search_term_string"}],"inLanguage":"de-DE"},{"@type":"ImageObject","@id":"https:\/\/old.hotscreen.se\/de\/support\/dateien-herunterladen\/#primaryimage","inLanguage":"de-DE","url":"https:\/\/old.hotscreen.se\/wp-content\/uploads\/2015\/10\/support_laddahem_2019.jpg","contentUrl":"https:\/\/old.hotscreen.se\/wp-content\/uploads\/2015\/10\/support_laddahem_2019.jpg","width":350,"height":233},{"@type":"WebPage","@id":"https:\/\/old.hotscreen.se\/de\/support\/dateien-herunterladen\/#webpage","url":"https:\/\/old.hotscreen.se\/de\/support\/dateien-herunterladen\/","name":"Dateien herunterladen - Hot Screen","isPartOf":{"@id":"https:\/\/www.hotscreen.se\/#website"},"primaryImageOfPage":{"@id":"https:\/\/old.hotscreen.se\/de\/support\/dateien-herunterladen\/#primaryimage"},"datePublished":"2017-03-27T08:01:43+00:00","dateModified":"2024-12-11T12:46:08+00:00","description":"Hier k\u00f6nnen Sie PDF-Dateien mit aktuellen Informationen zu unseren W\u00e4rme\u00fcbertragungs-, Transferpressen, Zertifikaten und mehr herunterladen.","breadcrumb":{"@id":"https:\/\/old.hotscreen.se\/de\/support\/dateien-herunterladen\/#breadcrumb"},"inLanguage":"de-DE","potentialAction":[{"@type":"ReadAction","target":["https:\/\/old.hotscreen.se\/de\/support\/dateien-herunterladen\/"]}]},{"@type":"BreadcrumbList","@id":"https:\/\/old.hotscreen.se\/de\/support\/dateien-herunterladen\/#breadcrumb","itemListElement":[{"@type":"ListItem","position":1,"name":"Home","item":"https:\/\/www.hotscreen.se\/"},{"@type":"ListItem","position":2,"name":"Support","item":"https:\/\/www.hotscreen.se\/support\/"},{"@type":"ListItem","position":3,"name":"Dateien herunterladen"}]}]}},"_links":{"self":[{"href":"https:\/\/old.hotscreen.se\/de\/wp-json\/wp\/v2\/pages\/513467","targetHints":{"allow":["GET"]}}],"collection":[{"href":"https:\/\/old.hotscreen.se\/de\/wp-json\/wp\/v2\/pages"}],"about":[{"href":"https:\/\/old.hotscreen.se\/de\/wp-json\/wp\/v2\/types\/page"}],"author":[{"embeddable":true,"href":"https:\/\/old.hotscreen.se\/de\/wp-json\/wp\/v2\/users\/1"}],"replies":[{"embeddable":true,"href":"https:\/\/old.hotscreen.se\/de\/wp-json\/wp\/v2\/comments?post=513467"}],"version-history":[{"count":7,"href":"https:\/\/old.hotscreen.se\/de\/wp-json\/wp\/v2\/pages\/513467\/revisions"}],"predecessor-version":[{"id":3450560,"href":"https:\/\/old.hotscreen.se\/de\/wp-json\/wp\/v2\/pages\/513467\/revisions\/3450560"}],"up":[{"embeddable":true,"href":"https:\/\/old.hotscreen.se\/de\/wp-json\/wp\/v2\/pages\/513462"}],"wp:featuredmedia":[{"embeddable":true,"href":"https:\/\/old.hotscreen.se\/de\/wp-json\/wp\/v2\/media\/2458046"}],"wp:attachment":[{"href":"https:\/\/old.hotscreen.se\/de\/wp-json\/wp\/v2\/media?parent=513467"}],"curies":[{"name":"wp","href":"https:\/\/api.w.org\/{rel}","templated":true}]}}