{"id":4838435,"date":"2022-10-06T14:10:07","date_gmt":"2022-10-06T12:10:07","guid":{"rendered":"https:\/\/www.hotscreen.se\/?page_id=4838435"},"modified":"2024-07-09T15:18:40","modified_gmt":"2024-07-09T13:18:40","slug":"konto-beantragen-2","status":"publish","type":"page","link":"https:\/\/old.hotscreen.se\/de\/konto-beantragen-2\/","title":{"rendered":"Konto beantragen"},"content":{"rendered":"\t\t<div data-elementor-type=\"wp-page\" data-elementor-id=\"4838435\" class=\"elementor elementor-4838435 elementor-4838431\" data-elementor-post-type=\"page\">\n\t\t\t\t<div class=\"elementor-element elementor-element-70136037 e-flex e-con-boxed e-con e-parent\" data-id=\"70136037\" data-element_type=\"container\" data-e-type=\"container\">\n\t\t\t\t\t<div class=\"e-con-inner\">\n\t\t\t\t<div class=\"elementor-element elementor-element-b877907 elementor-widget elementor-widget-text-editor\" data-id=\"b877907\" data-element_type=\"widget\" data-e-type=\"widget\" data-widget_type=\"text-editor.default\">\n\t\t\t\t<div class=\"elementor-widget-container\">\n\t\t\t\t\t\t\t\t\t<p><span style=\"font-weight: 400;\">Bitte f\u00fcllen Sie das untenstehende Formular aus, um ein Kundenkonto zu beantragen. Weitere Details dazu, wer sich als Kunde registrieren kann, finden Sie untenstehend.<\/span><\/p>\t\t\t\t\t\t\t\t<\/div>\n\t\t\t\t<\/div>\n\t\t\t\t<div class=\"elementor-element elementor-element-405ac258 elementor-widget elementor-widget-shortcode\" data-id=\"405ac258\" data-element_type=\"widget\" data-e-type=\"widget\" data-widget_type=\"shortcode.default\">\n\t\t\t\t<div class=\"elementor-widget-container\">\n\t\t\t\t\t\t\t<div class=\"elementor-shortcode\"><div class=\"register-form\"><div class=\"apply-container\"><\/div><span class=\"small-title\">Land ausw\u00e4hlen<\/span><div id=\"country-select-wrap\"><select id=\"bp_register_countries\"><option value=\"EG\" >\u00c4gypten<\/option><option value=\"GQ\" >\u00c4quatorialguinea<\/option><option value=\"ET\" >\u00c4thiopien<\/option><option value=\"AF\" >Afghanistan<\/option><option value=\"AX\" >\u00c5land<\/option><option value=\"AL\" >Albanien<\/option><option value=\"DZ\" >Algerien<\/option><option value=\"AS\" >Amerikanisch-Samoa<\/option><option value=\"VI\" >Amerikanische Jungferninseln<\/option><option value=\"AD\" >Andorra<\/option><option value=\"AO\" >Angola<\/option><option value=\"AI\" >Anguilla<\/option><option value=\"AQ\" >Antarktika<\/option><option value=\"AG\" >Antigua und Barbuda<\/option><option value=\"AR\" >Argentinien<\/option><option value=\"AM\" >Armenien<\/option><option value=\"AW\" >Aruba<\/option><option value=\"AZ\" >Aserbaidschan<\/option><option value=\"AU\" >Australien<\/option><option value=\"BS\" >Bahamas<\/option><option value=\"BH\" >Bahrain<\/option><option value=\"BD\" >Bangladesch<\/option><option value=\"BB\" >Barbados<\/option><option value=\"PW\" >Belau<\/option><option value=\"BE\" >Belgien<\/option><option value=\"BZ\" >Belize<\/option><option value=\"BJ\" >Benin<\/option><option value=\"BM\" >Bermuda<\/option><option value=\"BT\" >Bhutan<\/option><option value=\"BO\" >Bolivien<\/option><option value=\"BQ\" >Bonaire, Saint Eustatius and Saba<\/option><option value=\"BA\" >Bosnien und Herzegowina<\/option><option value=\"BW\" >Botswana<\/option><option value=\"BV\" >Bouvetinsel<\/option><option value=\"BR\" >Brasilien<\/option><option value=\"VG\" >Britische Jungferninseln<\/option><option value=\"IO\" >Britisches Territorium im Indischen Ozean<\/option><option value=\"BN\" >Brunei<\/option><option value=\"BG\" >Bulgarien<\/option><option value=\"BF\" >Burkina Faso<\/option><option value=\"BI\" >Burundi<\/option><option value=\"KY\" >Caymaninseln<\/option><option value=\"CL\" >Chile<\/option><option value=\"CN\" >China<\/option><option value=\"CK\" >Cookinseln<\/option><option value=\"CR\" >Costa Rica<\/option><option value=\"CW\" >Cura&Ccedil;ao<\/option><option value=\"DK\" >D\u00e4nemark<\/option><option value=\"DE\"  selected=\"selected\">Deutschland<\/option><option value=\"DM\" >Dominica<\/option><option value=\"DO\" >Dominikanische Republik<\/option><option value=\"DJ\" >Dschibuti<\/option><option value=\"EC\" >Ecuador<\/option><option value=\"SV\" >El Salvador<\/option><option value=\"CI\" >Elfenbeink\u00fcste<\/option><option value=\"ER\" >Eritrea<\/option><option value=\"EE\" >Estland<\/option><option value=\"FO\" >F\u00e4r\u00f6er<\/option><option value=\"FK\" >Falklandinseln<\/option><option value=\"FJ\" >Fidschi<\/option><option value=\"FI\" >Finnland<\/option><option value=\"FR\" >Frankreich<\/option><option value=\"GF\" >Franz\u00f6sisch-Guayana<\/option><option value=\"PF\" >Franz\u00f6sisch-Polynesien<\/option><option value=\"TF\" >Franz\u00f6sische S\u00fcd- und Antarktisgebiete<\/option><option value=\"GA\" >Gabun<\/option><option value=\"GM\" >Gambia<\/option><option value=\"GE\" >Georgien<\/option><option value=\"GH\" >Ghana<\/option><option value=\"GI\" >Gibraltar<\/option><option value=\"GD\" >Grenada<\/option><option value=\"GR\" >Griechenland<\/option><option value=\"GL\" >Gr\u00f6nland<\/option><option value=\"GP\" >Guadeloupe<\/option><option value=\"GU\" >Guam<\/option><option value=\"GT\" >Guatemala<\/option><option value=\"GG\" >Guernsey<\/option><option value=\"GN\" >Guinea<\/option><option value=\"GW\" >Guinea-Bissau<\/option><option value=\"GY\" >Guyana<\/option><option value=\"HT\" >Haiti<\/option><option value=\"HM\" >Heard und McDonaldinseln<\/option><option value=\"HN\" >Honduras<\/option><option value=\"HK\" >Hongkong<\/option><option value=\"IN\" >Indien<\/option><option value=\"ID\" >Indonesien<\/option><option value=\"IQ\" >Irak<\/option><option value=\"IR\" >Iran<\/option><option value=\"IE\" >Irland<\/option><option value=\"IS\" >Island<\/option><option value=\"IM\" >Isle of Man<\/option><option value=\"IL\" >Israel<\/option><option value=\"IT\" >Italien<\/option><option value=\"JM\" >Jamaika<\/option><option value=\"JP\" >Japan<\/option><option value=\"YE\" >Jemen<\/option><option value=\"JE\" >Jersey<\/option><option value=\"JO\" >Jordanien<\/option><option value=\"KH\" >Kambodscha<\/option><option value=\"CM\" >Kamerun<\/option><option value=\"CA\" >Kanada<\/option><option value=\"CV\" >Kap Verde<\/option><option value=\"KZ\" >Kasachstan<\/option><option value=\"QA\" >Katar<\/option><option value=\"KE\" >Kenia<\/option><option value=\"KG\" >Kirgisistan<\/option><option value=\"KI\" >Kiribati<\/option><option value=\"CC\" >Kokosinseln<\/option><option value=\"CO\" >Kolumbien<\/option><option value=\"KM\" >Komoren<\/option><option value=\"CG\" >Kongo-Brazzaville<\/option><option value=\"CD\" >Kongo-Kinshasa<\/option><option value=\"HR\" >Kroatien<\/option><option value=\"CU\" >Kuba<\/option><option value=\"KW\" >Kuwait<\/option><option value=\"LA\" >Laos<\/option><option value=\"LS\" >Lesotho<\/option><option value=\"LV\" >Lettland<\/option><option value=\"LB\" >Libanon<\/option><option value=\"LR\" >Liberia<\/option><option value=\"LY\" >Libyen<\/option><option value=\"LI\" >Liechtenstein<\/option><option value=\"LT\" >Litauen<\/option><option value=\"LU\" >Luxemburg<\/option><option value=\"MO\" >Macao<\/option><option value=\"MG\" >Madagaskar<\/option><option value=\"MW\" >Malawi<\/option><option value=\"MY\" >Malaysia<\/option><option value=\"MV\" >Malediven<\/option><option value=\"ML\" >Mali<\/option><option value=\"MT\" >Malta<\/option><option value=\"MA\" >Marokko<\/option><option value=\"MH\" >Marshallinseln<\/option><option value=\"MQ\" >Martinique<\/option><option value=\"MR\" >Mauretanien<\/option><option value=\"MU\" >Mauritius<\/option><option value=\"YT\" >Mayotte<\/option><option value=\"MX\" >Mexiko<\/option><option value=\"FM\" >Mikronesien<\/option><option value=\"MD\" >Moldawien<\/option><option value=\"MC\" >Monaco<\/option><option value=\"MN\" >Mongolei<\/option><option value=\"ME\" >Montenegro<\/option><option value=\"MS\" >Montserrat<\/option><option value=\"MZ\" >Mosambik<\/option><option value=\"MM\" >Myanmar<\/option><option value=\"NA\" >Namibia<\/option><option value=\"NR\" >Nauru<\/option><option value=\"NP\" >Nepal<\/option><option value=\"NC\" >Neukaledonien<\/option><option value=\"NZ\" >Neuseeland<\/option><option value=\"NI\" >Nicaragua<\/option><option value=\"NL\" >Niederlande<\/option><option value=\"NE\" >Niger<\/option><option value=\"NG\" >Nigeria<\/option><option value=\"NU\" >Niue<\/option><option value=\"MP\" >N\u00f6rdliche Marianen<\/option><option value=\"KP\" >Nordkorea<\/option><option value=\"MK\" >Nordmazedonien<\/option><option value=\"NF\" >Norfolkinsel<\/option><option value=\"NO\" >Norwegen<\/option><option value=\"AT\" >\u00d6sterreich<\/option><option value=\"OM\" >Oman<\/option><option value=\"TL\" >Osttimor<\/option><option value=\"PK\" >Pakistan<\/option><option value=\"PS\" >Pal\u00e4stinensisches Territorium<\/option><option value=\"PA\" >Panama<\/option><option value=\"PG\" >Papua-Neuguinea<\/option><option value=\"PY\" >Paraguay<\/option><option value=\"PE\" >Peru<\/option><option value=\"PH\" >Philippinen<\/option><option value=\"PN\" >Pitcairninseln<\/option><option value=\"PL\" >Polen<\/option><option value=\"PT\" >Portugal<\/option><option value=\"PR\" >Puerto Rico<\/option><option value=\"RE\" >R\u00e9union<\/option><option value=\"RW\" >Ruanda<\/option><option value=\"RO\" >Rum\u00e4nien<\/option><option value=\"RU\" >Russland<\/option><option value=\"BL\" >Saint Barth&eacute;lemy<\/option><option value=\"SX\" >Saint Martin (Dutch part)<\/option><option value=\"PM\" >Saint-Pierre und Miquelon<\/option><option value=\"SB\" >Salomonen<\/option><option value=\"ZM\" >Sambia<\/option><option value=\"WS\" >Samoa<\/option><option value=\"SM\" >San Marino<\/option><option value=\"ST\" >S&atilde;o Tom&eacute; and Pr&iacute;ncipe<\/option><option value=\"SA\" >Saudi-Arabien<\/option><option value=\"SE\" >Schweden<\/option><option value=\"CH\" >Schweiz<\/option><option value=\"SN\" >Senegal<\/option><option value=\"RS\" >Serbien<\/option><option value=\"SC\" >Seychellen<\/option><option value=\"SL\" >Sierra Leone<\/option><option value=\"ZW\" >Simbabwe<\/option><option value=\"SG\" >Singapur<\/option><option value=\"SK\" >Slowakei<\/option><option value=\"SI\" >Slowenien<\/option><option value=\"SO\" >Somalia<\/option><option value=\"ES\" >Spanien<\/option><option value=\"LK\" >Sri Lanka<\/option><option value=\"SH\" >St. Helena<\/option><option value=\"KN\" >St. Kitts und Nevis<\/option><option value=\"LC\" >St. Lucia<\/option><option value=\"MF\" >St. Martin (franz\u00f6sischer Teil)<\/option><option value=\"VC\" >St. Vincent und die Grenadinen<\/option><option value=\"SD\" >Sudan<\/option><option value=\"ZA\" >S\u00fcdafrika<\/option><option value=\"GS\" >S\u00fcdgeorgien \/ Sandwich-Inseln<\/option><option value=\"KR\" >S\u00fcdkorea<\/option><option value=\"SS\" >S\u00fcdsudan<\/option><option value=\"SR\" >Suriname<\/option><option value=\"SJ\" >Svalbard und Jan Mayen<\/option><option value=\"SZ\" >Swasiland<\/option><option value=\"SY\" >Syrien<\/option><option value=\"TJ\" >Tadschikistan<\/option><option value=\"TW\" >Taiwan<\/option><option value=\"TZ\" >Tansania<\/option><option value=\"TH\" >Thailand<\/option><option value=\"TG\" >Togo<\/option><option value=\"TK\" >Tokelau<\/option><option value=\"TO\" >Tonga<\/option><option value=\"TT\" >Trinidad und Tobago<\/option><option value=\"TD\" >Tschad<\/option><option value=\"CZ\" >Tschechien<\/option><option value=\"TR\" >T\u00fcrkei<\/option><option value=\"TN\" >Tunesien<\/option><option value=\"TM\" >Turkmenistan<\/option><option value=\"TC\" >Turks- und Caicosinseln<\/option><option value=\"TV\" >Tuvalu<\/option><option value=\"UG\" >Uganda<\/option><option value=\"UA\" >Ukraine<\/option><option value=\"HU\" >Ungarn<\/option><option value=\"UM\" >United States (US) Minor Outlying Islands<\/option><option value=\"UY\" >Uruguay<\/option><option value=\"UZ\" >Usbekistan<\/option><option value=\"VU\" >Vanuatu<\/option><option value=\"VA\" >Vatikanstadt<\/option><option value=\"VE\" >Venezuela<\/option><option value=\"AE\" >Vereinigte Arabische Emirate<\/option><option value=\"US\" >Vereinigte Staaten von Amerika (USA)<\/option><option value=\"GB\" >Vereinigtes K\u00f6nigreich<\/option><option value=\"VN\" >Vietnam<\/option><option value=\"WF\" >Wallis und Futuna<\/option><option value=\"CX\" >Weihnachtsinsel<\/option><option value=\"BY\" >Wei\u00dfrussland<\/option><option value=\"EH\" >Westsahara<\/option><option value=\"CF\" >Zentralafrikanische Republik<\/option><option value=\"CY\" >Zypern<\/option><\/select><\/div><div id=\"briqpay-signup\" style=\"min-width: 340px; max-width: 640px\">      <iframe scrolling=\"no\" id=\"briqpay-signup-iframe\" src=\"https:\/\/signup-client.briqpay.com\/?locale=de-de&token=eyJ0eXAiOiJKV1QiLCJhbGciOiJIUzI1NiJ9.eyJpc3MiOiJCcmlxUGF5TWVyY2hhbnQiLCJzdWIiOiIiLCJzZXNzaW9uSWQiOiJiYjJkNGYwMy1kYzk1LTQzOWQtYWZmZS02YWU3YjlmMjZkYzAiLCJtZXJjaGFudElkIjoiZDY2MTRmMzQtODExMy00Njg0LTk1YWItYTAwNDJhMGZmYWIyIiwiYXVkIjoiY2xpZW50LWFwaSIsImlhdCI6MTc3NTg0MzY0OSwidmVyc2lvbiI6InYxIiwidGVzdE1vZGUiOmZhbHNlLCJqdGkiOiIwNTI0Y2E5OS1mZDczLTQyOTEtYWFiMy03ZTk2MTBmNTU4NGIiLCJleHAiOjE3NzYwMTY0NDl9.ZElrIdt2Nme26me99uyObcZAeMlwbmB-GKjyPY3Sh9g\" style=\"width: 100%; min-height: 400px; border: none;\"><\/iframe>      <script type=\"text\/javascript\" src=\"https:\/\/api.briqpay.com\/briq.min.js\"><\/script>    <\/div><\/div><\/div>\n\t\t\t\t\t\t<\/div>\n\t\t\t\t<\/div>\n\t\t\t\t<div class=\"elementor-element elementor-element-44de35f elementor-widget elementor-widget-heading\" data-id=\"44de35f\" data-element_type=\"widget\" data-e-type=\"widget\" data-widget_type=\"heading.default\">\n\t\t\t\t<div class=\"elementor-widget-container\">\n\t\t\t\t\t<h2 class=\"elementor-heading-title elementor-size-default\">Wer kann Kunde werden?<\/h2>\t\t\t\t<\/div>\n\t\t\t\t<\/div>\n\t\t\t\t<div class=\"elementor-element elementor-element-1f5507a elementor-widget elementor-widget-text-editor\" data-id=\"1f5507a\" data-element_type=\"widget\" data-e-type=\"widget\" data-widget_type=\"text-editor.default\">\n\t\t\t\t<div class=\"elementor-widget-container\">\n\t\t\t\t\t\t\t\t\t<p><span style=\"font-weight: 400;\">Wir bei Hot Screen freuen uns, dass Sie Kunde werden m\u00f6chten! Um sich zu registrieren, sollten Sie ein zugelassener Wiederverk\u00e4ufer sein. Das bedeutet, dass Sie planen, unsere Produkte an Dritte zu verkaufen und nicht f\u00fcr den pers\u00f6nlichen Gebrauch zu nutzen. Hier sind Beispiele f\u00fcr einige Branchen und Unternehmen, mit denen wir zusammenarbeiten:<\/span><\/p><p>\u00a0<\/p><ul><li style=\"font-weight: 400;\" aria-level=\"1\"><strong>Unternehmen im Bereich Verkauf von Berufsbekleidung<\/strong><\/li><li style=\"font-weight: 400;\" aria-level=\"1\"><strong>Profil- und Werbeagenturen<\/strong><\/li><li style=\"font-weight: 400;\" aria-level=\"1\"><strong>Clubs und Verb\u00e4nde<\/strong><\/li><\/ul><p><span style=\"font-weight: 400;\">Wenn Sie unsicher sind, ob Ihr Unternehmen unseren Kriterien entspricht, z\u00f6gern Sie bitte nicht, uns zu kontaktieren. Wir helfen Ihnen gerne weiter und beantworten Ihre Fragen.<\/span><\/p>\t\t\t\t\t\t\t\t<\/div>\n\t\t\t\t<\/div>\n\t\t\t\t<div class=\"elementor-element elementor-element-8ba97e7 elementor-widget elementor-widget-button\" data-id=\"8ba97e7\" data-element_type=\"widget\" data-e-type=\"widget\" data-widget_type=\"button.default\">\n\t\t\t\t<div class=\"elementor-widget-container\">\n\t\t\t\t\t\t\t\t\t<div class=\"elementor-button-wrapper\">\n\t\t\t\t\t<a class=\"elementor-button elementor-button-link elementor-size-sm\" href=\"https:\/\/www.hotscreen.se\/de\/kontakt\/\">\n\t\t\t\t\t\t<span class=\"elementor-button-content-wrapper\">\n\t\t\t\t\t\t\t\t\t<span class=\"elementor-button-text\">Kontaktieren Sie uns<\/span>\n\t\t\t\t\t<\/span>\n\t\t\t\t\t<\/a>\n\t\t\t\t<\/div>\n\t\t\t\t\t\t\t\t<\/div>\n\t\t\t\t<\/div>\n\t\t\t\t\t<\/div>\n\t\t\t\t<\/div>\n\t\t\t\t<\/div>\n\t\t","protected":false},"excerpt":{"rendered":"<p>Bitte f\u00fcllen Sie das untenstehende Formular aus, um ein Kundenkonto zu beantragen. Weitere Details dazu, wer sich als Kunde registrieren kann, finden Sie untenstehend. Wer kann Kunde werden? Wir bei Hot Screen freuen uns, dass Sie Kunde werden m\u00f6chten! Um sich zu registrieren, sollten Sie ein zugelassener Wiederverk\u00e4ufer sein. Das bedeutet, dass Sie planen, unsere<\/p>\n","protected":false},"author":1,"featured_media":0,"parent":0,"menu_order":0,"comment_status":"closed","ping_status":"closed","template":"inc\/register-form.php","meta":{"_acf_changed":false,"_relevanssi_hide_post":"","_relevanssi_hide_content":"","_relevanssi_pin_for_all":"","_relevanssi_pin_keywords":"","_relevanssi_unpin_keywords":"","_relevanssi_related_keywords":"","_relevanssi_related_include_ids":"","_relevanssi_related_exclude_ids":"","_relevanssi_related_no_append":"","_relevanssi_related_not_related":"","_relevanssi_related_posts":"","_relevanssi_noindex_reason":"","footnotes":""},"class_list":["post-4838435","page","type-page","status-publish","hentry"],"acf":[],"yoast_head":"<!-- This site is optimized with the Yoast SEO plugin v17.1 - https:\/\/yoast.com\/wordpress\/plugins\/seo\/ -->\n<title>Konto beantragen - Transferdruck bestellen - Hot Screen<\/title>\n<meta name=\"description\" content=\"Kundenkonto bei f\u00fchrender skandinavischer Transferdruckerei! Nachhaltige Transfers und Pressen aus schwedischem Stahl.\" \/>\n<meta name=\"robots\" content=\"index, follow, max-snippet:-1, max-image-preview:large, max-video-preview:-1\" \/>\n<link rel=\"canonical\" href=\"https:\/\/old.hotscreen.se\/de\/konto-beantragen-2\/\" \/>\n<meta property=\"og:locale\" content=\"de_DE\" \/>\n<meta property=\"og:type\" content=\"article\" \/>\n<meta property=\"og:title\" content=\"Konto beantragen - Transferdruck bestellen - Hot Screen\" \/>\n<meta property=\"og:description\" content=\"Kundenkonto bei f\u00fchrender skandinavischer Transferdruckerei! Nachhaltige Transfers und Pressen aus schwedischem Stahl.\" \/>\n<meta property=\"og:url\" content=\"https:\/\/old.hotscreen.se\/de\/konto-beantragen-2\/\" \/>\n<meta property=\"og:site_name\" content=\"Hot Screen\" \/>\n<meta property=\"article:modified_time\" content=\"2024-07-09T13:18:40+00:00\" \/>\n<meta name=\"twitter:card\" content=\"summary_large_image\" \/>\n<script type=\"application\/ld+json\" class=\"yoast-schema-graph\">{\"@context\":\"https:\/\/schema.org\",\"@graph\":[{\"@type\":\"WebSite\",\"@id\":\"https:\/\/www.hotscreen.se\/#website\",\"url\":\"https:\/\/www.hotscreen.se\/\",\"name\":\"Hot Screen\",\"description\":\"\",\"potentialAction\":[{\"@type\":\"SearchAction\",\"target\":{\"@type\":\"EntryPoint\",\"urlTemplate\":\"https:\/\/www.hotscreen.se\/?s={search_term_string}\"},\"query-input\":\"required name=search_term_string\"}],\"inLanguage\":\"de-DE\"},{\"@type\":\"WebPage\",\"@id\":\"https:\/\/old.hotscreen.se\/de\/konto-beantragen-2\/#webpage\",\"url\":\"https:\/\/old.hotscreen.se\/de\/konto-beantragen-2\/\",\"name\":\"Konto beantragen - Transferdruck bestellen - Hot Screen\",\"isPartOf\":{\"@id\":\"https:\/\/www.hotscreen.se\/#website\"},\"datePublished\":\"2022-10-06T12:10:07+00:00\",\"dateModified\":\"2024-07-09T13:18:40+00:00\",\"description\":\"Kundenkonto bei f\\u00fchrender skandinavischer Transferdruckerei! Nachhaltige Transfers und Pressen aus schwedischem Stahl.\",\"breadcrumb\":{\"@id\":\"https:\/\/old.hotscreen.se\/de\/konto-beantragen-2\/#breadcrumb\"},\"inLanguage\":\"de-DE\",\"potentialAction\":[{\"@type\":\"ReadAction\",\"target\":[\"https:\/\/old.hotscreen.se\/de\/konto-beantragen-2\/\"]}]},{\"@type\":\"BreadcrumbList\",\"@id\":\"https:\/\/old.hotscreen.se\/de\/konto-beantragen-2\/#breadcrumb\",\"itemListElement\":[{\"@type\":\"ListItem\",\"position\":1,\"name\":\"Home\",\"item\":\"https:\/\/www.hotscreen.se\/\"},{\"@type\":\"ListItem\",\"position\":2,\"name\":\"Konto beantragen\"}]}]}<\/script>\n<!-- \/ Yoast SEO plugin. -->","yoast_head_json":{"title":"Konto beantragen - Transferdruck bestellen - Hot Screen","description":"Kundenkonto bei f\u00fchrender skandinavischer Transferdruckerei! Nachhaltige Transfers und Pressen aus schwedischem Stahl.","robots":{"index":"index","follow":"follow","max-snippet":"max-snippet:-1","max-image-preview":"max-image-preview:large","max-video-preview":"max-video-preview:-1"},"canonical":"https:\/\/old.hotscreen.se\/de\/konto-beantragen-2\/","og_locale":"de_DE","og_type":"article","og_title":"Konto beantragen - Transferdruck bestellen - Hot Screen","og_description":"Kundenkonto bei f\u00fchrender skandinavischer Transferdruckerei! Nachhaltige Transfers und Pressen aus schwedischem Stahl.","og_url":"https:\/\/old.hotscreen.se\/de\/konto-beantragen-2\/","og_site_name":"Hot Screen","article_modified_time":"2024-07-09T13:18:40+00:00","twitter_card":"summary_large_image","schema":{"@context":"https:\/\/schema.org","@graph":[{"@type":"WebSite","@id":"https:\/\/www.hotscreen.se\/#website","url":"https:\/\/www.hotscreen.se\/","name":"Hot Screen","description":"","potentialAction":[{"@type":"SearchAction","target":{"@type":"EntryPoint","urlTemplate":"https:\/\/www.hotscreen.se\/?s={search_term_string}"},"query-input":"required name=search_term_string"}],"inLanguage":"de-DE"},{"@type":"WebPage","@id":"https:\/\/old.hotscreen.se\/de\/konto-beantragen-2\/#webpage","url":"https:\/\/old.hotscreen.se\/de\/konto-beantragen-2\/","name":"Konto beantragen - Transferdruck bestellen - Hot Screen","isPartOf":{"@id":"https:\/\/www.hotscreen.se\/#website"},"datePublished":"2022-10-06T12:10:07+00:00","dateModified":"2024-07-09T13:18:40+00:00","description":"Kundenkonto bei f\u00fchrender skandinavischer Transferdruckerei! Nachhaltige Transfers und Pressen aus schwedischem Stahl.","breadcrumb":{"@id":"https:\/\/old.hotscreen.se\/de\/konto-beantragen-2\/#breadcrumb"},"inLanguage":"de-DE","potentialAction":[{"@type":"ReadAction","target":["https:\/\/old.hotscreen.se\/de\/konto-beantragen-2\/"]}]},{"@type":"BreadcrumbList","@id":"https:\/\/old.hotscreen.se\/de\/konto-beantragen-2\/#breadcrumb","itemListElement":[{"@type":"ListItem","position":1,"name":"Home","item":"https:\/\/www.hotscreen.se\/"},{"@type":"ListItem","position":2,"name":"Konto beantragen"}]}]}},"_links":{"self":[{"href":"https:\/\/old.hotscreen.se\/de\/wp-json\/wp\/v2\/pages\/4838435","targetHints":{"allow":["GET"]}}],"collection":[{"href":"https:\/\/old.hotscreen.se\/de\/wp-json\/wp\/v2\/pages"}],"about":[{"href":"https:\/\/old.hotscreen.se\/de\/wp-json\/wp\/v2\/types\/page"}],"author":[{"embeddable":true,"href":"https:\/\/old.hotscreen.se\/de\/wp-json\/wp\/v2\/users\/1"}],"replies":[{"embeddable":true,"href":"https:\/\/old.hotscreen.se\/de\/wp-json\/wp\/v2\/comments?post=4838435"}],"version-history":[{"count":7,"href":"https:\/\/old.hotscreen.se\/de\/wp-json\/wp\/v2\/pages\/4838435\/revisions"}],"predecessor-version":[{"id":12872861,"href":"https:\/\/old.hotscreen.se\/de\/wp-json\/wp\/v2\/pages\/4838435\/revisions\/12872861"}],"wp:attachment":[{"href":"https:\/\/old.hotscreen.se\/de\/wp-json\/wp\/v2\/media?parent=4838435"}],"curies":[{"name":"wp","href":"https:\/\/api.w.org\/{rel}","templated":true}]}}